{"id":76,"date":"2020-12-19T18:49:10","date_gmt":"2020-12-19T18:49:10","guid":{"rendered":"https:\/\/www.mamadouetbineta.info\/?page_id=76"},"modified":"2025-06-26T14:03:52","modified_gmt":"2025-06-26T13:03:52","slug":"team","status":"publish","type":"page","link":"https:\/\/www.mamadouetbineta.org\/fr\/verein\/team\/","title":{"rendered":"L&rsquo;equipe &#038; Contact"},"content":{"rendered":"\n<p><\/p>\n\n\n\n<p>Mamadou &amp; Bineta<br>p. A. Reto Wick<br>F\u00fcrschwendi 387<br>CH 9036 Grub SG<br>T +41 (0)79 292 97 40<\/p>\n\n\n\n<div class=\"wp-block-columns is-layout-flex wp-container-core-columns-is-layout-9d6595d7 wp-block-columns-is-layout-flex\">\n<div class=\"wp-block-column is-layout-flow wp-block-column-is-layout-flow\">\n<figure class=\"wp-block-image size-full\"><img loading=\"lazy\" decoding=\"async\" width=\"480\" height=\"600\" src=\"https:\/\/www.mamadouetbineta.org\/wp-content\/uploads\/2021\/07\/Benoit_Kamano.jpg\" alt=\"\" class=\"wp-image-769\" srcset=\"https:\/\/www.mamadouetbineta.org\/wp-content\/uploads\/2021\/07\/Benoit_Kamano.jpg 480w, https:\/\/www.mamadouetbineta.org\/wp-content\/uploads\/2021\/07\/Benoit_Kamano-240x300.jpg 240w\" sizes=\"auto, (max-width: 480px) 100vw, 480px\" \/><\/figure>\n\n\n\n<p><br><strong>Benoit Kamano<\/strong><br><sup>F \/ Guin\u00e9e, juriste, membre du comit\u00e9<\/sup><\/p>\n<\/div>\n\n\n\n<div class=\"wp-block-column is-layout-flow wp-block-column-is-layout-flow\">\n<figure class=\"wp-block-image size-full\"><img loading=\"lazy\" decoding=\"async\" width=\"480\" height=\"600\" src=\"https:\/\/www.mamadouetbineta.org\/wp-content\/uploads\/2021\/07\/Sadio_Diallo.jpg\" alt=\"\" class=\"wp-image-787\" srcset=\"https:\/\/www.mamadouetbineta.org\/wp-content\/uploads\/2021\/07\/Sadio_Diallo.jpg 480w, https:\/\/www.mamadouetbineta.org\/wp-content\/uploads\/2021\/07\/Sadio_Diallo-240x300.jpg 240w\" sizes=\"auto, (max-width: 480px) 100vw, 480px\" \/><\/figure>\n\n\n\n<p><br><strong>Sadio Diallo<\/strong><br><sup>Guin\u00e9e, responsable RH et comptabilit\u00e9<\/sup><\/p>\n<\/div>\n\n\n\n<div class=\"wp-block-column is-layout-flow wp-block-column-is-layout-flow\">\n<figure class=\"wp-block-image size-full\"><img loading=\"lazy\" decoding=\"async\" width=\"480\" height=\"600\" src=\"https:\/\/www.mamadouetbineta.org\/wp-content\/uploads\/2021\/07\/Moni_Henzler.jpg\" alt=\"\" class=\"wp-image-784\" srcset=\"https:\/\/www.mamadouetbineta.org\/wp-content\/uploads\/2021\/07\/Moni_Henzler.jpg 480w, https:\/\/www.mamadouetbineta.org\/wp-content\/uploads\/2021\/07\/Moni_Henzler-240x300.jpg 240w\" sizes=\"auto, (max-width: 480px) 100vw, 480px\" \/><\/figure>\n\n\n\n<p><br><strong>Monika Henzler<\/strong><br><sup>Swiss, membre du comit\u00e9<\/sup><\/p>\n<\/div>\n<\/div>\n\n\n\n<div class=\"wp-block-columns is-layout-flex wp-container-core-columns-is-layout-9d6595d7 wp-block-columns-is-layout-flex\">\n<div class=\"wp-block-column is-layout-flow wp-block-column-is-layout-flow\">\n<figure class=\"wp-block-image size-full\"><img loading=\"lazy\" decoding=\"async\" width=\"480\" height=\"600\" src=\"https:\/\/www.mamadouetbineta.org\/wp-content\/uploads\/2021\/07\/Kerfalla_Camara.jpg\" alt=\"\" class=\"wp-image-777\" srcset=\"https:\/\/www.mamadouetbineta.org\/wp-content\/uploads\/2021\/07\/Kerfalla_Camara.jpg 480w, https:\/\/www.mamadouetbineta.org\/wp-content\/uploads\/2021\/07\/Kerfalla_Camara-240x300.jpg 240w\" sizes=\"auto, (max-width: 480px) 100vw, 480px\" \/><\/figure>\n\n\n\n<p><br><strong>Kerfala Camara<\/strong><br><sup>Guin\u00e9e, responsable protection et pedagogique<\/sup><\/p>\n<\/div>\n\n\n\n<div class=\"wp-block-column is-layout-flow wp-block-column-is-layout-flow\">\n<figure class=\"wp-block-image size-full\"><img loading=\"lazy\" decoding=\"async\" width=\"480\" height=\"600\" src=\"https:\/\/www.mamadouetbineta.org\/wp-content\/uploads\/2021\/07\/Tenen-Traore.jpg\" alt=\"Tenin Traore\" class=\"wp-image-788\" srcset=\"https:\/\/www.mamadouetbineta.org\/wp-content\/uploads\/2021\/07\/Tenen-Traore.jpg 480w, https:\/\/www.mamadouetbineta.org\/wp-content\/uploads\/2021\/07\/Tenen-Traore-240x300.jpg 240w\" sizes=\"auto, (max-width: 480px) 100vw, 480px\" \/><\/figure>\n\n\n\n<p><br><strong>Tenin Traor\u00e9<\/strong><br><sup>Guin\u00e9e, educatrice au centre d\u2019accueil&nbsp;<\/sup><\/p>\n<\/div>\n\n\n\n<div class=\"wp-block-column is-layout-flow wp-block-column-is-layout-flow\">\n<figure class=\"wp-block-image size-full\"><img loading=\"lazy\" decoding=\"async\" width=\"480\" height=\"600\" src=\"https:\/\/www.mamadouetbineta.org\/wp-content\/uploads\/2021\/07\/Waechter_Diallo.jpg\" alt=\"\" class=\"wp-image-789\" srcset=\"https:\/\/www.mamadouetbineta.org\/wp-content\/uploads\/2021\/07\/Waechter_Diallo.jpg 480w, https:\/\/www.mamadouetbineta.org\/wp-content\/uploads\/2021\/07\/Waechter_Diallo-240x300.jpg 240w\" sizes=\"auto, (max-width: 480px) 100vw, 480px\" \/><\/figure>\n\n\n\n<p><br><strong>Mamadou Diallo<\/strong><br><sup>Guin\u00e9e, repr\u00e9sentant nos 6 gardiens<\/sup><\/p>\n<\/div>\n<\/div>\n\n\n\n<div class=\"wp-block-columns is-layout-flex wp-container-core-columns-is-layout-9d6595d7 wp-block-columns-is-layout-flex\">\n<div class=\"wp-block-column is-layout-flow wp-block-column-is-layout-flow\">\n<figure class=\"wp-block-image size-full\"><img loading=\"lazy\" decoding=\"async\" width=\"480\" height=\"600\" src=\"https:\/\/www.mamadouetbineta.org\/wp-content\/uploads\/2021\/07\/Nina_Wick.jpg\" alt=\"\" class=\"wp-image-785\" srcset=\"https:\/\/www.mamadouetbineta.org\/wp-content\/uploads\/2021\/07\/Nina_Wick.jpg 480w, https:\/\/www.mamadouetbineta.org\/wp-content\/uploads\/2021\/07\/Nina_Wick-240x300.jpg 240w\" sizes=\"auto, (max-width: 480px) 100vw, 480px\" \/><\/figure>\n\n\n\n<p><br><strong>Nina Wick<\/strong> <strong>Cond\u00e9<\/strong><br><sup>Suisse,&nbsp;membre du comit\u00e9, p\u00e9dagogue, responsable adjointe du projet sur place<\/sup><\/p>\n<\/div>\n\n\n\n<div class=\"wp-block-column is-layout-flow wp-block-column-is-layout-flow\">\n<figure class=\"wp-block-image size-full\"><img loading=\"lazy\" decoding=\"async\" width=\"480\" height=\"600\" src=\"https:\/\/www.mamadouetbineta.org\/wp-content\/uploads\/2023\/12\/Lislam_Sylla-1.jpg\" alt=\"\" class=\"wp-image-4255\" srcset=\"https:\/\/www.mamadouetbineta.org\/wp-content\/uploads\/2023\/12\/Lislam_Sylla-1.jpg 480w, https:\/\/www.mamadouetbineta.org\/wp-content\/uploads\/2023\/12\/Lislam_Sylla-1-240x300.jpg 240w\" sizes=\"auto, (max-width: 480px) 100vw, 480px\" \/><\/figure>\n\n\n\n<p><br><strong>Lislam Sylla<\/strong><br><sup>Guin\u00e9e, assistant g\u00e9n\u00e9rale<\/sup><\/p>\n<\/div>\n\n\n\n<div class=\"wp-block-column is-layout-flow wp-block-column-is-layout-flow\">\n<figure class=\"wp-block-image size-full\"><img loading=\"lazy\" decoding=\"async\" width=\"480\" height=\"600\" src=\"https:\/\/www.mamadouetbineta.org\/wp-content\/uploads\/2021\/07\/Reto_Wick.jpg\" alt=\"\" class=\"wp-image-786\" srcset=\"https:\/\/www.mamadouetbineta.org\/wp-content\/uploads\/2021\/07\/Reto_Wick.jpg 480w, https:\/\/www.mamadouetbineta.org\/wp-content\/uploads\/2021\/07\/Reto_Wick-240x300.jpg 240w\" sizes=\"auto, (max-width: 480px) 100vw, 480px\" \/><\/figure>\n\n\n\n<p><br><strong>Reto Wick<\/strong><br><sup>Suisse, fondateur, direction de l\u2019association<\/sup><\/p>\n<\/div>\n<\/div>\n\n\n\n<div class=\"wp-block-columns is-layout-flex wp-container-core-columns-is-layout-9d6595d7 wp-block-columns-is-layout-flex\">\n<div class=\"wp-block-column is-layout-flow wp-block-column-is-layout-flow\">\n<figure class=\"wp-block-image size-full\"><img loading=\"lazy\" decoding=\"async\" width=\"480\" height=\"600\" src=\"https:\/\/www.mamadouetbineta.org\/wp-content\/uploads\/2021\/07\/Fabienne_Sylla.jpg\" alt=\"\" class=\"wp-image-773\" srcset=\"https:\/\/www.mamadouetbineta.org\/wp-content\/uploads\/2021\/07\/Fabienne_Sylla.jpg 480w, https:\/\/www.mamadouetbineta.org\/wp-content\/uploads\/2021\/07\/Fabienne_Sylla-240x300.jpg 240w\" sizes=\"auto, (max-width: 480px) 100vw, 480px\" \/><\/figure>\n\n\n\n<p><br><strong>Fabienne Sylla<\/strong><br><sup>F \/ Guin\u00e9e, membre du comit\u00e9, d\u00e9l\u00e9gu\u00e9e du pays, formation en travail humanitaire et diverses missions dans des r\u00e9gions en crise <\/sup><\/p>\n<\/div>\n\n\n\n<div class=\"wp-block-column is-layout-flow wp-block-column-is-layout-flow\"><div class=\"wp-block-image\">\n<figure class=\"aligncenter size-full is-resized\"><img loading=\"lazy\" decoding=\"async\" width=\"638\" height=\"821\" src=\"https:\/\/www.mamadouetbineta.org\/wp-content\/uploads\/2024\/05\/Vincent-Kao.jpg\" alt=\"\" class=\"wp-image-4643\" style=\"width:267px;height:auto\" srcset=\"https:\/\/www.mamadouetbineta.org\/wp-content\/uploads\/2024\/05\/Vincent-Kao.jpg 638w, https:\/\/www.mamadouetbineta.org\/wp-content\/uploads\/2024\/05\/Vincent-Kao-233x300.jpg 233w\" sizes=\"auto, (max-width: 638px) 100vw, 638px\" \/><\/figure>\n<\/div>\n\n\n<p><br><strong>Vincent Kao<\/strong><br><sup>Senegal, <\/sup><sup>responsable de l&rsquo;equipe, coordinateur terrain <\/sup><\/p>\n<\/div>\n\n\n\n<div class=\"wp-block-column is-layout-flow wp-block-column-is-layout-flow\">\n<figure class=\"wp-block-image size-full\"><img loading=\"lazy\" decoding=\"async\" width=\"480\" height=\"600\" src=\"https:\/\/www.mamadouetbineta.org\/wp-content\/uploads\/2021\/07\/Koechin_Mangueta.jpg\" alt=\"\" class=\"wp-image-778\" srcset=\"https:\/\/www.mamadouetbineta.org\/wp-content\/uploads\/2021\/07\/Koechin_Mangueta.jpg 480w, https:\/\/www.mamadouetbineta.org\/wp-content\/uploads\/2021\/07\/Koechin_Mangueta-240x300.jpg 240w\" sizes=\"auto, (max-width: 480px) 100vw, 480px\" \/><\/figure>\n\n\n\n<p><br><strong>Mamasta<\/strong><br><sup>Guin\u00e9e, repr\u00e9sentant nos deux cuisini\u00e8res<\/sup><\/p>\n<\/div>\n<\/div>\n\n\n\n<div class=\"wp-block-columns is-layout-flex wp-container-core-columns-is-layout-9d6595d7 wp-block-columns-is-layout-flex\">\n<div class=\"wp-block-column is-layout-flow wp-block-column-is-layout-flow\">\n<figure class=\"wp-block-image size-full\"><img loading=\"lazy\" decoding=\"async\" width=\"480\" height=\"600\" src=\"https:\/\/www.mamadouetbineta.org\/wp-content\/uploads\/2021\/07\/Marie_Denise.jpg\" alt=\"\" class=\"wp-image-781\" srcset=\"https:\/\/www.mamadouetbineta.org\/wp-content\/uploads\/2021\/07\/Marie_Denise.jpg 480w, https:\/\/www.mamadouetbineta.org\/wp-content\/uploads\/2021\/07\/Marie_Denise-240x300.jpg 240w\" sizes=\"auto, (max-width: 480px) 100vw, 480px\" \/><\/figure>\n\n\n\n<p><br><strong>Marie-Denise Bangoura<\/strong><br><sup>Guin\u00e9e, educatrice au centre d\u2019accueil<\/sup><\/p>\n<\/div>\n\n\n\n<div class=\"wp-block-column is-layout-flow wp-block-column-is-layout-flow\">\n<figure class=\"wp-block-image size-full\"><img loading=\"lazy\" decoding=\"async\" width=\"480\" height=\"600\" src=\"https:\/\/www.mamadouetbineta.org\/wp-content\/uploads\/2021\/07\/Djenabou_Sow.jpg\" alt=\"\" class=\"wp-image-772\" srcset=\"https:\/\/www.mamadouetbineta.org\/wp-content\/uploads\/2021\/07\/Djenabou_Sow.jpg 480w, https:\/\/www.mamadouetbineta.org\/wp-content\/uploads\/2021\/07\/Djenabou_Sow-240x300.jpg 240w\" sizes=\"auto, (max-width: 480px) 100vw, 480px\" \/><\/figure>\n\n\n\n<p><br><strong>Djenabou Sow<\/strong><br><sup>Guin\u00e9e, educatrice au centre d\u2019accueil<\/sup><\/p>\n<\/div>\n\n\n\n<div class=\"wp-block-column is-layout-flow wp-block-column-is-layout-flow\">\n<figure class=\"wp-block-image size-full\"><img loading=\"lazy\" decoding=\"async\" width=\"480\" height=\"600\" src=\"https:\/\/www.mamadouetbineta.org\/wp-content\/uploads\/2021\/12\/Fode.jpg\" alt=\"\" class=\"wp-image-2410\" srcset=\"https:\/\/www.mamadouetbineta.org\/wp-content\/uploads\/2021\/12\/Fode.jpg 480w, https:\/\/www.mamadouetbineta.org\/wp-content\/uploads\/2021\/12\/Fode-240x300.jpg 240w\" sizes=\"auto, (max-width: 480px) 100vw, 480px\" \/><\/figure>\n\n\n\n<p><br><strong>Fod\u00e9 Bangaly Cond\u00e9<\/strong><br><sup>Guin\u00e9e, relations publiques &amp; supervision<\/sup><\/p>\n<\/div>\n<\/div>\n\n\n\n<div class=\"wp-block-columns is-layout-flex wp-container-core-columns-is-layout-9d6595d7 wp-block-columns-is-layout-flex\">\n<div class=\"wp-block-column is-layout-flow wp-block-column-is-layout-flow\">\n<figure class=\"wp-block-image size-full\"><img loading=\"lazy\" decoding=\"async\" width=\"480\" height=\"600\" src=\"https:\/\/www.mamadouetbineta.org\/wp-content\/uploads\/2021\/07\/Aicha_Camara.jpg\" alt=\"\" class=\"wp-image-766\" srcset=\"https:\/\/www.mamadouetbineta.org\/wp-content\/uploads\/2021\/07\/Aicha_Camara.jpg 480w, https:\/\/www.mamadouetbineta.org\/wp-content\/uploads\/2021\/07\/Aicha_Camara-240x300.jpg 240w\" sizes=\"auto, (max-width: 480px) 100vw, 480px\" \/><\/figure>\n\n\n\n<p><br><strong>Aicha Camara<\/strong><br><sup>Guin\u00e9e, ma\u00eetresse \u00e0 l\u2019atelier de couture<\/sup><\/p>\n<\/div>\n\n\n\n<div class=\"wp-block-column is-layout-flow wp-block-column-is-layout-flow\">\n<figure class=\"wp-block-image size-full\"><img loading=\"lazy\" decoding=\"async\" width=\"480\" height=\"600\" src=\"https:\/\/www.mamadouetbineta.org\/wp-content\/uploads\/2021\/07\/Deborah_Mueller.jpg\" alt=\"\" class=\"wp-image-771\" srcset=\"https:\/\/www.mamadouetbineta.org\/wp-content\/uploads\/2021\/07\/Deborah_Mueller.jpg 480w, https:\/\/www.mamadouetbineta.org\/wp-content\/uploads\/2021\/07\/Deborah_Mueller-240x300.jpg 240w\" sizes=\"auto, (max-width: 480px) 100vw, 480px\" \/><\/figure>\n\n\n\n<p><br><strong>Deborah Mueller<\/strong><br><sup>D, membre du comit\u00e9; relations publiques\/communication<\/sup><\/p>\n<\/div>\n\n\n\n<div class=\"wp-block-column is-layout-flow wp-block-column-is-layout-flow\">\n<figure class=\"wp-block-image size-full\"><img loading=\"lazy\" decoding=\"async\" width=\"594\" height=\"738\" src=\"https:\/\/www.mamadouetbineta.org\/wp-content\/uploads\/2024\/05\/Alseny-Bangoura_2023.jpg\" alt=\"\" class=\"wp-image-4642\" srcset=\"https:\/\/www.mamadouetbineta.org\/wp-content\/uploads\/2024\/05\/Alseny-Bangoura_2023.jpg 594w, https:\/\/www.mamadouetbineta.org\/wp-content\/uploads\/2024\/05\/Alseny-Bangoura_2023-241x300.jpg 241w\" sizes=\"auto, (max-width: 594px) 100vw, 594px\" \/><\/figure>\n\n\n\n<p><br><strong><strong><strong>Alseny Bangoura<\/strong><\/strong><\/strong><br><sup>Guin\u00e9e, <\/sup><sup>logisticien, responsable agricole <\/sup><\/p>\n<\/div>\n<\/div>\n\n\n\n<div class=\"wp-block-columns is-layout-flex wp-container-core-columns-is-layout-9d6595d7 wp-block-columns-is-layout-flex\">\n<div class=\"wp-block-column is-layout-flow wp-block-column-is-layout-flow\">\n<figure class=\"wp-block-image size-full\"><img loading=\"lazy\" decoding=\"async\" width=\"480\" height=\"600\" src=\"https:\/\/www.mamadouetbineta.org\/wp-content\/uploads\/2021\/07\/Juerg_Sonderegger.jpg\" alt=\"\" class=\"wp-image-775\" srcset=\"https:\/\/www.mamadouetbineta.org\/wp-content\/uploads\/2021\/07\/Juerg_Sonderegger.jpg 480w, https:\/\/www.mamadouetbineta.org\/wp-content\/uploads\/2021\/07\/Juerg_Sonderegger-240x300.jpg 240w\" sizes=\"auto, (max-width: 480px) 100vw, 480px\" \/><\/figure>\n\n\n\n<p><br><strong>Dr. med. J\u00fcrg Sonderegger<\/strong><br><sup>Suisse, fondateur, exp\u00e9riences d\u2019activit\u00e9s avec MSF en Afrique<\/sup><\/p>\n<\/div>\n\n\n\n<div class=\"wp-block-column is-layout-flow wp-block-column-is-layout-flow\">\n<figure class=\"wp-block-image size-full\"><img loading=\"lazy\" decoding=\"async\" width=\"480\" height=\"600\" src=\"https:\/\/www.mamadouetbineta.org\/wp-content\/uploads\/2021\/07\/Manamba_Kourouma.jpg\" alt=\"\" class=\"wp-image-779\" srcset=\"https:\/\/www.mamadouetbineta.org\/wp-content\/uploads\/2021\/07\/Manamba_Kourouma.jpg 480w, https:\/\/www.mamadouetbineta.org\/wp-content\/uploads\/2021\/07\/Manamba_Kourouma-240x300.jpg 240w\" sizes=\"auto, (max-width: 480px) 100vw, 480px\" \/><\/figure>\n\n\n\n<p><br><strong>Manamba Kourouma<\/strong><br><sup>Guin\u00e9e, educatrice au centre d\u2019accueil<\/sup><\/p>\n<\/div>\n\n\n\n<div class=\"wp-block-column is-layout-flow wp-block-column-is-layout-flow\">\n<figure class=\"wp-block-image size-full\"><img loading=\"lazy\" decoding=\"async\" width=\"480\" height=\"600\" src=\"https:\/\/www.mamadouetbineta.org\/wp-content\/uploads\/2021\/07\/Mariame_Traore.jpg\" alt=\"\" class=\"wp-image-780\" srcset=\"https:\/\/www.mamadouetbineta.org\/wp-content\/uploads\/2021\/07\/Mariame_Traore.jpg 480w, https:\/\/www.mamadouetbineta.org\/wp-content\/uploads\/2021\/07\/Mariame_Traore-240x300.jpg 240w\" sizes=\"auto, (max-width: 480px) 100vw, 480px\" \/><\/figure>\n\n\n\n<p><br><strong>Mariame Traore<\/strong><br><sup>Guin\u00e9e, jardini\u00e8re d\u2018enfants<\/sup><\/p>\n<\/div>\n<\/div>\n\n\n\n<div class=\"wp-block-columns is-layout-flex wp-container-core-columns-is-layout-9d6595d7 wp-block-columns-is-layout-flex\">\n<div class=\"wp-block-column is-layout-flow wp-block-column-is-layout-flow\">\n<figure class=\"wp-block-image size-full\"><img loading=\"lazy\" decoding=\"async\" width=\"480\" height=\"600\" src=\"https:\/\/www.mamadouetbineta.org\/wp-content\/uploads\/2021\/08\/hasan-chaban.jpg\" alt=\"\" class=\"wp-image-2179\" srcset=\"https:\/\/www.mamadouetbineta.org\/wp-content\/uploads\/2021\/08\/hasan-chaban.jpg 480w, https:\/\/www.mamadouetbineta.org\/wp-content\/uploads\/2021\/08\/hasan-chaban-240x300.jpg 240w\" sizes=\"auto, (max-width: 480px) 100vw, 480px\" \/><\/figure>\n\n\n\n<p><br><strong>Hassan Chaban<\/strong><br><sup>Guin\u00e9e, conseiller<\/sup><\/p>\n<\/div>\n\n\n\n<div class=\"wp-block-column is-layout-flow wp-block-column-is-layout-flow\"><div class=\"wp-block-image\">\n<figure class=\"aligncenter size-full\"><img loading=\"lazy\" decoding=\"async\" width=\"480\" height=\"600\" src=\"https:\/\/www.mamadouetbineta.org\/wp-content\/uploads\/2025\/06\/Djene-Conde-Infimiere-480x600-1.jpg\" alt=\"\" class=\"wp-image-4895\" style=\"object-fit:cover\" srcset=\"https:\/\/www.mamadouetbineta.org\/wp-content\/uploads\/2025\/06\/Djene-Conde-Infimiere-480x600-1.jpg 480w, https:\/\/www.mamadouetbineta.org\/wp-content\/uploads\/2025\/06\/Djene-Conde-Infimiere-480x600-1-240x300.jpg 240w\" sizes=\"auto, (max-width: 480px) 100vw, 480px\" \/><\/figure>\n<\/div>\n\n\n<p><br><strong>Dj\u00e8n\u00e8 Cond\u00e9<\/strong><br><sup>Guin\u00e9e, Infirmi\u00e8re au centre d\u2019accueil<\/sup><\/p>\n<\/div>\n\n\n\n<div class=\"wp-block-column is-layout-flow wp-block-column-is-layout-flow\">\n<figure class=\"wp-block-image size-full\"><img loading=\"lazy\" decoding=\"async\" width=\"480\" height=\"600\" src=\"https:\/\/www.mamadouetbineta.org\/wp-content\/uploads\/2023\/12\/kaba2.jpg\" alt=\"\" class=\"wp-image-4259\" srcset=\"https:\/\/www.mamadouetbineta.org\/wp-content\/uploads\/2023\/12\/kaba2.jpg 480w, https:\/\/www.mamadouetbineta.org\/wp-content\/uploads\/2023\/12\/kaba2-240x300.jpg 240w\" sizes=\"auto, (max-width: 480px) 100vw, 480px\" \/><\/figure>\n\n\n\n<p><br><strong>Abdoulaye Kaba<\/strong><br><sup>Guin\u00e9e, \u00e9ducateur au centre d\u2019accueil<\/sup><\/p>\n<\/div>\n<\/div>\n\n\n\n<div class=\"wp-block-columns is-layout-flex wp-container-core-columns-is-layout-9d6595d7 wp-block-columns-is-layout-flex\">\n<div class=\"wp-block-column is-layout-flow wp-block-column-is-layout-flow\">\n<p><br><\/p>\n<\/div>\n<\/div>\n","protected":false},"excerpt":{"rendered":"<p>Mamadou &amp; Binetap. A. Reto WickF\u00fcrschwendi 387CH 9036 Grub SGT +41 (0)79 292 97 40 Benoit KamanoF \/ Guin\u00e9e, juriste, membre du comit\u00e9 Sadio DialloGuin\u00e9e, responsable RH et comptabilit\u00e9 Monika HenzlerSwiss, membre du comit\u00e9 Kerfala CamaraGuin\u00e9e, responsable protection et pedagogique Tenin Traor\u00e9Guin\u00e9e, educatrice au centre d\u2019accueil&nbsp; Mamadou DialloGuin\u00e9e, repr\u00e9sentant nos 6 gardiens Nina Wick Cond\u00e9Suisse,&nbsp;membre du comit\u00e9, p\u00e9dagogue, responsable adjointe du projet sur place Lislam SyllaGuin\u00e9e, assistant g\u00e9n\u00e9rale Reto WickSuisse, fondateur, direction de l\u2019association Fabienne SyllaF \/ Guin\u00e9e, membre du comit\u00e9, d\u00e9l\u00e9gu\u00e9e du pays, formation en travail humanitaire et diverses missions dans des r\u00e9gions en crise Vincent KaoSenegal, responsable de&#8230; <\/p>\n","protected":false},"author":1,"featured_media":0,"parent":26,"menu_order":5,"comment_status":"closed","ping_status":"closed","template":"","meta":{"_uag_custom_page_level_css":"","ngg_post_thumbnail":0,"footnotes":""},"class_list":["post-76","page","type-page","status-publish","hentry"],"translation":{"provider":"WPGlobus","version":"3.0.2","language":"fr","enabled_languages":["de","fr","en"],"languages":{"de":{"title":true,"content":true,"excerpt":false},"fr":{"title":true,"content":true,"excerpt":false},"en":{"title":true,"content":true,"excerpt":false}}},"uagb_featured_image_src":{"full":false,"thumbnail":false,"medium":false,"medium_large":false,"large":false,"1536x1536":false,"2048x2048":false,"homepage-thumb":false},"uagb_author_info":{"display_name":"mamadou","author_link":"https:\/\/www.mamadouetbineta.org\/fr\/author\/mamadou\/"},"uagb_comment_info":0,"uagb_excerpt":"Mamadou &amp; Binetap. A. Reto WickF\u00fcrschwendi 387CH 9036 Grub SGT +41 (0)79 292 97 40 Benoit KamanoF \/ Guin\u00e9e, juriste, membre du comit\u00e9 Sadio DialloGuin\u00e9e, responsable RH et comptabilit\u00e9 Monika HenzlerSwiss, membre du comit\u00e9 Kerfala CamaraGuin\u00e9e, responsable protection et pedagogique Tenin Traor\u00e9Guin\u00e9e, educatrice au centre d\u2019accueil&nbsp; Mamadou DialloGuin\u00e9e, repr\u00e9sentant nos 6 gardiens Nina Wick Cond\u00e9Suisse,&nbsp;membre\u2026","_links":{"self":[{"href":"https:\/\/www.mamadouetbineta.org\/fr\/wp-json\/wp\/v2\/pages\/76","targetHints":{"allow":["GET"]}}],"collection":[{"href":"https:\/\/www.mamadouetbineta.org\/fr\/wp-json\/wp\/v2\/pages"}],"about":[{"href":"https:\/\/www.mamadouetbineta.org\/fr\/wp-json\/wp\/v2\/types\/page"}],"author":[{"embeddable":true,"href":"https:\/\/www.mamadouetbineta.org\/fr\/wp-json\/wp\/v2\/users\/1"}],"replies":[{"embeddable":true,"href":"https:\/\/www.mamadouetbineta.org\/fr\/wp-json\/wp\/v2\/comments?post=76"}],"version-history":[{"count":264,"href":"https:\/\/www.mamadouetbineta.org\/fr\/wp-json\/wp\/v2\/pages\/76\/revisions"}],"predecessor-version":[{"id":4899,"href":"https:\/\/www.mamadouetbineta.org\/fr\/wp-json\/wp\/v2\/pages\/76\/revisions\/4899"}],"up":[{"embeddable":true,"href":"https:\/\/www.mamadouetbineta.org\/fr\/wp-json\/wp\/v2\/pages\/26"}],"wp:attachment":[{"href":"https:\/\/www.mamadouetbineta.org\/fr\/wp-json\/wp\/v2\/media?parent=76"}],"curies":[{"name":"wp","href":"https:\/\/api.w.org\/{rel}","templated":true}]}}