{"id":70,"date":"2020-12-19T18:44:19","date_gmt":"2020-12-19T18:44:19","guid":{"rendered":"https:\/\/www.mamadouetbineta.info\/?page_id=70"},"modified":"2023-12-08T11:35:31","modified_gmt":"2023-12-08T10:35:31","slug":"philosophie-und-strategie","status":"publish","type":"page","link":"https:\/\/www.mamadouetbineta.org\/fr\/verein\/philosophie-und-strategie\/","title":{"rendered":"Philosophie et strat\u00e9gie"},"content":{"rendered":"\n<p>Depuis 2006 nous analysons sans cesse les conditions sociales, culturelles et \u00e9conomiques en Guin\u00e9e. On y compte aussi les causes et les facteurs de risque de la pauvret\u00e9 et de la mis\u00e8re des enfants.&nbsp;Aujourd\u2019hui nous sommes en mesure d\u2019apporter une aide durable adapt\u00e9e aux besoins.<\/p>\n\n\n\n<p>Toutes nos activit\u00e9s sont r\u00e9alis\u00e9es en collaboration avec les populations locales et l\u2019administration. Conjointement avec les organismes caritatifs locaux et les responsables d\u2019\u00e9tat de la protection des enfants , nous nous occupons d\u2019enfants dans la rue, chez leurs proches et dans\u00a0<a href=\"https:\/\/www.mamadouetbineta.org\/fr\/projekte-2\/auffangzentrum-mangueta\/\"><mark style=\"background-color:rgba(0, 0, 0, 0)\" class=\"has-inline-color has-vivid-green-cyan-color\"><strong>notre centre d\u2019accueil \u00e0 Mangueta<\/strong>.<\/mark><\/a> Nous assurons un environnement s\u00e9curis\u00e9 et une \u00e9ducation scolaire. Depuis plusieur ans, nous formons les collaborateurs de l\u2019organisme de protection des enfants\u00a0<a href=\"http:\/\/www.mamadouetbineta.org\/collaboration-clef.html\"><strong><mark style=\"background-color:rgba(0, 0, 0, 0)\" class=\"has-inline-color has-vivid-green-cyan-color\">(CLEF &#8211; Conseils Locaux pour Enfants et Familles)<\/mark><\/strong><\/a>\u00a0et les assistons dans leurs interventions par des conseils et un accompagnement.<\/p>\n\n\n\n<p>En collaboration avec l\u2019\u00e9tat, nous avons fond\u00e9 en 2015 de nouveaux conseils et commissions (avec des repr\u00e9sentants de la population et de l\u2019administration) qui soutiennent les structures existantes. Leurs collaborateurs ainsi que de nombreux particuliers int\u00e9ress\u00e9s sont form\u00e9s par nos soins et second\u00e9s dans leur travail.<\/p>\n\n\n\n<p>L\u2019aide doit intervenir tr\u00e8s t\u00f4t lorsqu\u2019un enfant ne dispose pas d\u2019un environnement prot\u00e9g\u00e9 ni d\u2019une \u00e9ducation scolaire. L\u2019administration existante ne peut pas g\u00e9rer seule les nombreux probl\u00e8mes puisqu\u2019elle manque de moyens et de personnel form\u00e9.<\/p>\n\n\n\n<p>C\u2019est pourquoi ces mesures sont importantes pour un d\u00e9veloppement \u00e0 long terme de l\u2019aide qui devrait venir de l\u2019int\u00e9rieur et non de l\u2019\u00e9tranger. Souvent ce sont des personnes de la population qui identifient et signalent les enfants en danger. Ce sont elles et les responsables de la protection des enfants qui doivent \u00eatre assist\u00e9s pour qu\u2019un jour ils puissent remplir leur responsabilit\u00e9 de mani\u00e8re autonome.<\/p>\n\n\n\n<p>Sous l&rsquo;onglet <a href=\"https:\/\/www.mamadouetbineta.org\/fr\/projekte-2\/\"><mark style=\"background-color:rgba(0, 0, 0, 0)\" class=\"has-inline-color has-vivid-green-cyan-color\">projects<\/mark><\/a> dans le menu vous trouverez d&rsquo;autres informations.<\/p>\n\n\n\n<figure class=\"wp-block-image size-large\"><img loading=\"lazy\" decoding=\"async\" width=\"870\" height=\"1024\" src=\"https:\/\/www.mamadouetbineta.org\/wp-content\/uploads\/2022\/12\/Grafik-Arbeitsablaufe-Prozesse-870x1024.jpg\" alt=\"\" class=\"wp-image-3875\" srcset=\"https:\/\/www.mamadouetbineta.org\/wp-content\/uploads\/2022\/12\/Grafik-Arbeitsablaufe-Prozesse-870x1024.jpg 870w, https:\/\/www.mamadouetbineta.org\/wp-content\/uploads\/2022\/12\/Grafik-Arbeitsablaufe-Prozesse-255x300.jpg 255w, https:\/\/www.mamadouetbineta.org\/wp-content\/uploads\/2022\/12\/Grafik-Arbeitsablaufe-Prozesse-768x904.jpg 768w, https:\/\/www.mamadouetbineta.org\/wp-content\/uploads\/2022\/12\/Grafik-Arbeitsablaufe-Prozesse.jpg 1117w\" sizes=\"auto, (max-width: 870px) 100vw, 870px\" \/><\/figure>\n","protected":false},"excerpt":{"rendered":"<p>Depuis 2006 nous analysons sans cesse les conditions sociales, culturelles et \u00e9conomiques en Guin\u00e9e. On y compte aussi les causes et les facteurs de risque de la pauvret\u00e9 et de la mis\u00e8re des enfants.&nbsp;Aujourd\u2019hui nous sommes en mesure d\u2019apporter une aide durable adapt\u00e9e aux besoins. Toutes nos activit\u00e9s sont r\u00e9alis\u00e9es en collaboration avec les populations locales et l\u2019administration. Conjointement avec les organismes caritatifs locaux et les responsables d\u2019\u00e9tat de la protection des enfants , nous nous occupons d\u2019enfants dans la rue, chez leurs proches et dans\u00a0notre centre d\u2019accueil \u00e0 Mangueta. Nous assurons un environnement s\u00e9curis\u00e9 et une \u00e9ducation scolaire. Depuis&#8230; <\/p>\n","protected":false},"author":1,"featured_media":0,"parent":26,"menu_order":2,"comment_status":"closed","ping_status":"closed","template":"","meta":{"_uag_custom_page_level_css":"","ngg_post_thumbnail":0,"footnotes":""},"class_list":["post-70","page","type-page","status-publish","hentry"],"translation":{"provider":"WPGlobus","version":"3.0.2","language":"fr","enabled_languages":["de","fr","en"],"languages":{"de":{"title":true,"content":true,"excerpt":false},"fr":{"title":true,"content":true,"excerpt":false},"en":{"title":true,"content":true,"excerpt":false}}},"uagb_featured_image_src":{"full":false,"thumbnail":false,"medium":false,"medium_large":false,"large":false,"1536x1536":false,"2048x2048":false,"homepage-thumb":false},"uagb_author_info":{"display_name":"mamadou","author_link":"https:\/\/www.mamadouetbineta.org\/fr\/author\/mamadou\/"},"uagb_comment_info":0,"uagb_excerpt":"Depuis 2006 nous analysons sans cesse les conditions sociales, culturelles et \u00e9conomiques en Guin\u00e9e. On y compte aussi les causes et les facteurs de risque de la pauvret\u00e9 et de la mis\u00e8re des enfants.&nbsp;Aujourd\u2019hui nous sommes en mesure d\u2019apporter une aide durable adapt\u00e9e aux besoins. Toutes nos activit\u00e9s sont r\u00e9alis\u00e9es en collaboration avec les populations\u2026","_links":{"self":[{"href":"https:\/\/www.mamadouetbineta.org\/fr\/wp-json\/wp\/v2\/pages\/70","targetHints":{"allow":["GET"]}}],"collection":[{"href":"https:\/\/www.mamadouetbineta.org\/fr\/wp-json\/wp\/v2\/pages"}],"about":[{"href":"https:\/\/www.mamadouetbineta.org\/fr\/wp-json\/wp\/v2\/types\/page"}],"author":[{"embeddable":true,"href":"https:\/\/www.mamadouetbineta.org\/fr\/wp-json\/wp\/v2\/users\/1"}],"replies":[{"embeddable":true,"href":"https:\/\/www.mamadouetbineta.org\/fr\/wp-json\/wp\/v2\/comments?post=70"}],"version-history":[{"count":26,"href":"https:\/\/www.mamadouetbineta.org\/fr\/wp-json\/wp\/v2\/pages\/70\/revisions"}],"predecessor-version":[{"id":4296,"href":"https:\/\/www.mamadouetbineta.org\/fr\/wp-json\/wp\/v2\/pages\/70\/revisions\/4296"}],"up":[{"embeddable":true,"href":"https:\/\/www.mamadouetbineta.org\/fr\/wp-json\/wp\/v2\/pages\/26"}],"wp:attachment":[{"href":"https:\/\/www.mamadouetbineta.org\/fr\/wp-json\/wp\/v2\/media?parent=70"}],"curies":[{"name":"wp","href":"https:\/\/api.w.org\/{rel}","templated":true}]}}