{"id":36,"date":"2020-10-07T09:57:38","date_gmt":"2020-10-07T09:57:38","guid":{"rendered":"https:\/\/www.mamadouetbineta.info\/?page_id=36"},"modified":"2025-08-18T15:09:42","modified_gmt":"2025-08-18T14:09:42","slug":"strategie","status":"publish","type":"page","link":"https:\/\/www.mamadouetbineta.org\/fr\/strategie\/","title":{"rendered":"Strat\u00e9gie"},"content":{"rendered":"\n<p>Notre strat\u00e9gie repose sur une identification rigoureuse et pr\u00e9cises des besoins et des b\u00e9n\u00e9ficiaires ainsi que sur un d\u00e9veloppement des comp\u00e9tences locales.<\/p>\n\n\n\n<p>Nous ne cessons de parler \u00ab d\u2019identification \u00bb comme d\u2019une de nos comp\u00e9tences de base. Il est fastidieux de d\u00e9couvrir quel enfant est r\u00e9ellement n\u00e9cessiteux, d\u2019o\u00f9 il vient, pour quelles raisons il est dans la mis\u00e8re, comment on peut l\u2019aider et comment assurer le suivi ult\u00e9rieur.<br><br>La qualit\u00e9 des recherches et les mesures qui en d\u00e9coulent sont d\u00e9cisives pour le destin futur des enfants dont nous nous occupons. Un savoir-faire local, l\u2019absence de corruption et un concept de travail \u00e9prouv\u00e9 sont les \u00ab piliers strat\u00e9giques \u00bb dominants.<br><br>Comme d\u00e9crit dans l\u2019avant-propos (rapport 2023), nous souhaitons d\u00e9sormais accorder \u00e0 la totalit\u00e9 de la structure et du travail de Mamadou &amp; Bineta davantage d\u2019autonomie et un ancrage local complet.<\/p>\n\n\n\n<p>Nous avons actuellement un immense respect pour l\u2019accomplissement quotidien de nos collaborateurs, leur confrontation poignante avec le sort des enfants et leur mani\u00e8re de le traiter. <br><br>Dans l\u2019avenir ce sera eux qui d\u00e9velopperont les bonnes strat\u00e9gies.<\/p>\n","protected":false},"excerpt":{"rendered":"<p>Notre strat\u00e9gie repose sur une identification rigoureuse et pr\u00e9cises des besoins et des b\u00e9n\u00e9ficiaires ainsi que sur un d\u00e9veloppement des comp\u00e9tences locales. Nous ne cessons de parler \u00ab d\u2019identification \u00bb comme d\u2019une de nos comp\u00e9tences de base. Il est fastidieux de d\u00e9couvrir quel enfant est r\u00e9ellement n\u00e9cessiteux, d\u2019o\u00f9 il vient, pour quelles raisons il est dans la mis\u00e8re, comment on peut l\u2019aider et comment assurer le suivi ult\u00e9rieur. La qualit\u00e9 des recherches et les mesures qui en d\u00e9coulent sont d\u00e9cisives pour le destin futur des enfants dont nous nous occupons. Un savoir-faire local, l\u2019absence de corruption et un concept de&#8230; <\/p>\n","protected":false},"author":1,"featured_media":0,"parent":0,"menu_order":0,"comment_status":"closed","ping_status":"closed","template":"","meta":{"_uag_custom_page_level_css":"","ngg_post_thumbnail":0,"footnotes":""},"class_list":["post-36","page","type-page","status-publish","hentry"],"translation":{"provider":"WPGlobus","version":"3.0.2","language":"fr","enabled_languages":["de","fr","en"],"languages":{"de":{"title":true,"content":true,"excerpt":false},"fr":{"title":true,"content":true,"excerpt":false},"en":{"title":true,"content":true,"excerpt":false}}},"uagb_featured_image_src":{"full":false,"thumbnail":false,"medium":false,"medium_large":false,"large":false,"1536x1536":false,"2048x2048":false,"homepage-thumb":false},"uagb_author_info":{"display_name":"mamadou","author_link":"https:\/\/www.mamadouetbineta.org\/fr\/author\/mamadou\/"},"uagb_comment_info":0,"uagb_excerpt":"Notre strat\u00e9gie repose sur une identification rigoureuse et pr\u00e9cises des besoins et des b\u00e9n\u00e9ficiaires ainsi que sur un d\u00e9veloppement des comp\u00e9tences locales. Nous ne cessons de parler \u00ab d\u2019identification \u00bb comme d\u2019une de nos comp\u00e9tences de base. Il est fastidieux de d\u00e9couvrir quel enfant est r\u00e9ellement n\u00e9cessiteux, d\u2019o\u00f9 il vient, pour quelles raisons il est\u2026","_links":{"self":[{"href":"https:\/\/www.mamadouetbineta.org\/fr\/wp-json\/wp\/v2\/pages\/36","targetHints":{"allow":["GET"]}}],"collection":[{"href":"https:\/\/www.mamadouetbineta.org\/fr\/wp-json\/wp\/v2\/pages"}],"about":[{"href":"https:\/\/www.mamadouetbineta.org\/fr\/wp-json\/wp\/v2\/types\/page"}],"author":[{"embeddable":true,"href":"https:\/\/www.mamadouetbineta.org\/fr\/wp-json\/wp\/v2\/users\/1"}],"replies":[{"embeddable":true,"href":"https:\/\/www.mamadouetbineta.org\/fr\/wp-json\/wp\/v2\/comments?post=36"}],"version-history":[{"count":27,"href":"https:\/\/www.mamadouetbineta.org\/fr\/wp-json\/wp\/v2\/pages\/36\/revisions"}],"predecessor-version":[{"id":4925,"href":"https:\/\/www.mamadouetbineta.org\/fr\/wp-json\/wp\/v2\/pages\/36\/revisions\/4925"}],"wp:attachment":[{"href":"https:\/\/www.mamadouetbineta.org\/fr\/wp-json\/wp\/v2\/media?parent=36"}],"curies":[{"name":"wp","href":"https:\/\/api.w.org\/{rel}","templated":true}]}}