{"id":3419,"date":"2022-12-02T15:09:47","date_gmt":"2022-12-02T14:09:47","guid":{"rendered":"https:\/\/www.mamadouetbineta.org\/?page_id=3419"},"modified":"2022-12-15T15:54:35","modified_gmt":"2022-12-15T14:54:35","slug":"partnerschaft-mit","status":"publish","type":"page","link":"https:\/\/www.mamadouetbineta.org\/fr\/projekte-2\/partnerschaft-mit\/","title":{"rendered":"Partenariat avec la F\u00e9d\u00e9ration de boxe tha\u00ef de Guin\u00e9e"},"content":{"rendered":"\n<p>Cette coop\u00e9ration est n\u00e9e du fait que Nina a poursuivi la formation qu&rsquo;elle avait commenc\u00e9 en Suisse. Elle a d\u00e9couvert que Souleymane Sidib\u00e9 formait constamment 15 jeunes hommes \u00e0 la tapisserie ainsi qu&rsquo;au sport. Entre-temps, plusieurs projets prometteurs sont n\u00e9s de cette amiti\u00e9 : Une fois par semaine, Sidib\u00e9 et ses coll\u00e8gues forment gratuitement les enfants int\u00e9ress\u00e9s au centre d&rsquo;accueil, et ils nous aident pour les questions de s\u00e9curit\u00e9. Nina, quant \u00e0 elle, s&rsquo;occupe du site web de l&rsquo;association et des questions administratives.<br><br>Sidib\u00e9 est un gendarme et travaille comme garde de corps. Matin et soir, les jeunes dont il s&rsquo;occupe avec ses coll\u00e8gues alternent entre la salle de sport et l&rsquo;atelier de tapisserie. Ceux qui ne peuvent pas rentrer chez eux passent la nuit dans l&rsquo;atelier. Sidib\u00e9 finance la formation et la nourriture de sa propre poche. Il a d\u00e9j\u00e0 sorti de nombreux gar\u00e7ons de la rue et leur a donn\u00e9 un avenir. Le r\u00eave de Sidib\u00e9 est d&rsquo;acheter davantage d&rsquo;\u00e9quipements sportifs pour sortir encore plus de jeunes de la criminalit\u00e9 et de la rue. Nous allons voir comment nous pouvons soutenir cela.<\/p>\n\n\n\n<figure class=\"wp-block-image size-full is-resized\"><img loading=\"lazy\" decoding=\"async\" src=\"https:\/\/www.mamadouetbineta.org\/wp-content\/uploads\/2022\/12\/Sidibe-Thaibox.jpg\" alt=\"\" class=\"wp-image-3475\" width=\"839\" height=\"556\" srcset=\"https:\/\/www.mamadouetbineta.org\/wp-content\/uploads\/2022\/12\/Sidibe-Thaibox.jpg 776w, https:\/\/www.mamadouetbineta.org\/wp-content\/uploads\/2022\/12\/Sidibe-Thaibox-300x199.jpg 300w, https:\/\/www.mamadouetbineta.org\/wp-content\/uploads\/2022\/12\/Sidibe-Thaibox-150x100.jpg 150w, https:\/\/www.mamadouetbineta.org\/wp-content\/uploads\/2022\/12\/Sidibe-Thaibox-768x509.jpg 768w\" sizes=\"auto, (max-width: 839px) 100vw, 839px\" \/><\/figure>\n\n\n\n<figure class=\"wp-block-image size-large\"><img loading=\"lazy\" decoding=\"async\" width=\"1024\" height=\"768\" src=\"https:\/\/www.mamadouetbineta.org\/wp-content\/uploads\/2022\/12\/8f47c2231be180ec-photo-1024x768.jpg\" alt=\"\" class=\"wp-image-3422\" srcset=\"https:\/\/www.mamadouetbineta.org\/wp-content\/uploads\/2022\/12\/8f47c2231be180ec-photo-1024x768.jpg 1024w, https:\/\/www.mamadouetbineta.org\/wp-content\/uploads\/2022\/12\/8f47c2231be180ec-photo-300x225.jpg 300w, https:\/\/www.mamadouetbineta.org\/wp-content\/uploads\/2022\/12\/8f47c2231be180ec-photo-768x576.jpg 768w, https:\/\/www.mamadouetbineta.org\/wp-content\/uploads\/2022\/12\/8f47c2231be180ec-photo.jpg 1080w\" sizes=\"auto, (max-width: 1024px) 100vw, 1024px\" \/><\/figure>\n","protected":false},"excerpt":{"rendered":"<p>Cette coop\u00e9ration est n\u00e9e du fait que Nina a poursuivi la formation qu&rsquo;elle avait commenc\u00e9 en Suisse. Elle a d\u00e9couvert que Souleymane Sidib\u00e9 formait constamment 15 jeunes hommes \u00e0 la tapisserie ainsi qu&rsquo;au sport. Entre-temps, plusieurs projets prometteurs sont n\u00e9s de cette amiti\u00e9 : Une fois par semaine, Sidib\u00e9 et ses coll\u00e8gues forment gratuitement les enfants int\u00e9ress\u00e9s au centre d&rsquo;accueil, et ils nous aident pour les questions de s\u00e9curit\u00e9. Nina, quant \u00e0 elle, s&rsquo;occupe du site web de l&rsquo;association et des questions administratives. Sidib\u00e9 est un gendarme et travaille comme garde de corps. Matin et soir, les jeunes dont il&#8230; <\/p>\n","protected":false},"author":1,"featured_media":3421,"parent":192,"menu_order":9,"comment_status":"closed","ping_status":"closed","template":"","meta":{"_uag_custom_page_level_css":"","ngg_post_thumbnail":0,"footnotes":""},"class_list":["post-3419","page","type-page","status-publish","has-post-thumbnail","hentry"],"translation":{"provider":"WPGlobus","version":"3.0.2","language":"fr","enabled_languages":["de","fr","en"],"languages":{"de":{"title":true,"content":true,"excerpt":false},"fr":{"title":true,"content":true,"excerpt":false},"en":{"title":true,"content":true,"excerpt":false}}},"uagb_featured_image_src":{"full":["https:\/\/www.mamadouetbineta.org\/wp-content\/uploads\/2022\/12\/7e76036b1416ba9b-photo.jpg",1504,2016,false],"thumbnail":["https:\/\/www.mamadouetbineta.org\/wp-content\/uploads\/2022\/12\/7e76036b1416ba9b-photo-150x100.jpg",150,100,true],"medium":["https:\/\/www.mamadouetbineta.org\/wp-content\/uploads\/2022\/12\/7e76036b1416ba9b-photo-224x300.jpg",224,300,true],"medium_large":["https:\/\/www.mamadouetbineta.org\/wp-content\/uploads\/2022\/12\/7e76036b1416ba9b-photo-768x1029.jpg",768,1029,true],"large":["https:\/\/www.mamadouetbineta.org\/wp-content\/uploads\/2022\/12\/7e76036b1416ba9b-photo-764x1024.jpg",764,1024,true],"1536x1536":["https:\/\/www.mamadouetbineta.org\/wp-content\/uploads\/2022\/12\/7e76036b1416ba9b-photo-1146x1536.jpg",1146,1536,true],"2048x2048":["https:\/\/www.mamadouetbineta.org\/wp-content\/uploads\/2022\/12\/7e76036b1416ba9b-photo.jpg",1504,2016,false],"homepage-thumb":["https:\/\/www.mamadouetbineta.org\/wp-content\/uploads\/2022\/12\/7e76036b1416ba9b-photo-240x145.jpg",240,145,true]},"uagb_author_info":{"display_name":"mamadou","author_link":"https:\/\/www.mamadouetbineta.org\/fr\/author\/mamadou\/"},"uagb_comment_info":0,"uagb_excerpt":"Cette coop\u00e9ration est n\u00e9e du fait que Nina a poursuivi la formation qu&rsquo;elle avait commenc\u00e9 en Suisse. Elle a d\u00e9couvert que Souleymane Sidib\u00e9 formait constamment 15 jeunes hommes \u00e0 la tapisserie ainsi qu&rsquo;au sport. Entre-temps, plusieurs projets prometteurs sont n\u00e9s de cette amiti\u00e9 : Une fois par semaine, Sidib\u00e9 et ses coll\u00e8gues forment gratuitement les\u2026","_links":{"self":[{"href":"https:\/\/www.mamadouetbineta.org\/fr\/wp-json\/wp\/v2\/pages\/3419","targetHints":{"allow":["GET"]}}],"collection":[{"href":"https:\/\/www.mamadouetbineta.org\/fr\/wp-json\/wp\/v2\/pages"}],"about":[{"href":"https:\/\/www.mamadouetbineta.org\/fr\/wp-json\/wp\/v2\/types\/page"}],"author":[{"embeddable":true,"href":"https:\/\/www.mamadouetbineta.org\/fr\/wp-json\/wp\/v2\/users\/1"}],"replies":[{"embeddable":true,"href":"https:\/\/www.mamadouetbineta.org\/fr\/wp-json\/wp\/v2\/comments?post=3419"}],"version-history":[{"count":18,"href":"https:\/\/www.mamadouetbineta.org\/fr\/wp-json\/wp\/v2\/pages\/3419\/revisions"}],"predecessor-version":[{"id":3696,"href":"https:\/\/www.mamadouetbineta.org\/fr\/wp-json\/wp\/v2\/pages\/3419\/revisions\/3696"}],"up":[{"embeddable":true,"href":"https:\/\/www.mamadouetbineta.org\/fr\/wp-json\/wp\/v2\/pages\/192"}],"wp:featuredmedia":[{"embeddable":true,"href":"https:\/\/www.mamadouetbineta.org\/fr\/wp-json\/wp\/v2\/media\/3421"}],"wp:attachment":[{"href":"https:\/\/www.mamadouetbineta.org\/fr\/wp-json\/wp\/v2\/media?parent=3419"}],"curies":[{"name":"wp","href":"https:\/\/api.w.org\/{rel}","templated":true}]}}