{"id":30,"date":"2020-10-07T09:51:46","date_gmt":"2020-10-07T09:51:46","guid":{"rendered":"https:\/\/www.mamadouetbineta.info\/?page_id=30"},"modified":"2021-03-30T17:46:08","modified_gmt":"2021-03-30T16:46:08","slug":"guinea","status":"publish","type":"page","link":"https:\/\/www.mamadouetbineta.org\/fr\/guinea\/","title":{"rendered":"Guin\u00e9e"},"content":{"rendered":"\n<p>La Guin\u00e9e se situe sur la c\u00f4te ouest de l&rsquo;Afrique. Elle est riche en mati\u00e8res premi\u00e8res (or, diamant, bauxite) et dispose d&rsquo;un r\u00e9servoir d&rsquo;eau important. Malgr\u00e9 tout, la Guin\u00e9e est un des pays les plus pauvres au monde.<\/p>\n\n\n\n<figure class=\"wp-block-image size-large\"><img loading=\"lazy\" decoding=\"async\" width=\"1024\" height=\"801\" src=\"https:\/\/www.mamadouetbineta.org\/wp-content\/uploads\/2021\/03\/Landkarte_Guinea-1024x801.jpg\" alt=\"\" class=\"wp-image-363\" srcset=\"https:\/\/www.mamadouetbineta.org\/wp-content\/uploads\/2021\/03\/Landkarte_Guinea-1024x801.jpg 1024w, https:\/\/www.mamadouetbineta.org\/wp-content\/uploads\/2021\/03\/Landkarte_Guinea-300x235.jpg 300w, https:\/\/www.mamadouetbineta.org\/wp-content\/uploads\/2021\/03\/Landkarte_Guinea-768x601.jpg 768w, https:\/\/www.mamadouetbineta.org\/wp-content\/uploads\/2021\/03\/Landkarte_Guinea.jpg 1226w\" sizes=\"auto, (max-width: 1024px) 100vw, 1024px\" \/><\/figure>\n\n\n\n<p>Le pays se trouve sur la c\u00f4te ouest africaine. Il compte environ 11 millions d\u2019habitants, et est riche en mati\u00e8res premi\u00e8res. Il est malgr\u00e9 tout l\u2019un des pays les plus pauvres du monde. (Indice de d\u00e9veloppement mondial 2016 : 183\u00e8me sur 188).<\/p>\n\n\n\n<p>Le 2 octobre 1958, la Guin\u00e9e \u00e9tait le premier pays d&rsquo;Afrique \u00e0 prendre son ind\u00e9pendance de la France. Cette ind\u00e9pendance rapide&nbsp; est \u00e0 l\u2019origine de son isolation \u00e9conomique et politique. Le premier pr\u00e9sident Ahmed S\u00e9kou Tour\u00e9 est jusqu\u2019\u00e0 aujourd\u2019hui dans toute l\u2019Afrique le symbole de la r\u00e9sistance contre les pouvoirs coloniaux. Apr\u00e8s sa mort en 1984, le r\u00e9gime militaire du g\u00e9n\u00e9ral Cont\u00e9 a remplac\u00e9 le gouvernement socialiste. En 1990 le peuple a adopt\u00e9 une constitution d\u00e9mocratique et \u00e9lu le g\u00e9n\u00e9ral Cont\u00e9 comme pr\u00e9sident. En 2010 son opposant Alpha Cond\u00e9 lui succ\u00e9da.<\/p>\n\n\n\n<p>Le pays poss\u00e8de l\u2019un des produits int\u00e9rieurs bruts les plus faibles mondialement, et plus de 80% des actifs travaillent dans l\u2019agriculture.<\/p>\n\n\n\n<p>Au moins 35% des enfants de moins de cinq ans \u2013 tendance en hausse \u2013 souffrent de malnutrition chronique. Le taux de contamination par le SIDA \u00e0 la naissance est \u00e9lev\u00e9. Un million de jeunes ne sont pas scolaris\u00e9s.<\/p>\n\n\n\n<p>Pr\u00e8s de 70% de la population de plus de 15 ans sont analphab\u00e8tes. Les soins m\u00e9dicaux compl\u00e8tement insuffisants, les mauvaises conditions d\u2019hygi\u00e8ne et la malnutrition conduisent \u00e0 une esp\u00e9rance de vie moyenne de seulement 46 ans.<\/p>\n\n\n\n<p>Malgr\u00e9 la pauvret\u00e9 largement r\u00e9pandue, la vie en Guin\u00e9e se caract\u00e9rise par une paix sociale surprenante. Bien que la religion joue un r\u00f4le important pour la grande majorit\u00e9 de la population, il n\u2019y a aucune tension entre la majorit\u00e9 musulmane et les minorit\u00e9s chr\u00e9tiennes et autres.<\/p>\n\n\n\n<h2 class=\"wp-block-heading\">Situation des enfants<\/h2>\n\n\n\n<figure class=\"wp-block-gallery columns-3 is-cropped wp-block-gallery-1 is-layout-flex wp-block-gallery-is-layout-flex\"><ul class=\"blocks-gallery-grid\"><li class=\"blocks-gallery-item\"><figure><img loading=\"lazy\" decoding=\"async\" width=\"218\" height=\"313\" src=\"https:\/\/www.mamadouetbineta.org\/wp-content\/uploads\/2021\/03\/situation-kinder-3.jpg\" alt=\"\" data-id=\"366\" data-full-url=\"https:\/\/www.mamadouetbineta.org\/wp-content\/uploads\/2021\/03\/situation-kinder-3.jpg\" data-link=\"https:\/\/www.mamadouetbineta.org\/guinea\/situation-kinder-3\/#main\" class=\"wp-image-366\" srcset=\"https:\/\/www.mamadouetbineta.org\/wp-content\/uploads\/2021\/03\/situation-kinder-3.jpg 218w, https:\/\/www.mamadouetbineta.org\/wp-content\/uploads\/2021\/03\/situation-kinder-3-209x300.jpg 209w\" sizes=\"auto, (max-width: 218px) 100vw, 218px\" \/><\/figure><\/li><li class=\"blocks-gallery-item\"><figure><img loading=\"lazy\" decoding=\"async\" width=\"218\" height=\"327\" src=\"https:\/\/www.mamadouetbineta.org\/wp-content\/uploads\/2021\/03\/situation-kinder-2.jpg\" alt=\"\" data-id=\"365\" data-full-url=\"https:\/\/www.mamadouetbineta.org\/wp-content\/uploads\/2021\/03\/situation-kinder-2.jpg\" data-link=\"https:\/\/www.mamadouetbineta.org\/guinea\/strassenkinder-conakry-guinea-2\/#main\" class=\"wp-image-365\" srcset=\"https:\/\/www.mamadouetbineta.org\/wp-content\/uploads\/2021\/03\/situation-kinder-2.jpg 218w, https:\/\/www.mamadouetbineta.org\/wp-content\/uploads\/2021\/03\/situation-kinder-2-200x300.jpg 200w\" sizes=\"auto, (max-width: 218px) 100vw, 218px\" \/><\/figure><\/li><li class=\"blocks-gallery-item\"><figure><img loading=\"lazy\" decoding=\"async\" width=\"602\" height=\"402\" src=\"https:\/\/www.mamadouetbineta.org\/wp-content\/uploads\/2021\/03\/situation-kinder-1.jpg\" alt=\"\" data-id=\"364\" data-full-url=\"https:\/\/www.mamadouetbineta.org\/wp-content\/uploads\/2021\/03\/situation-kinder-1.jpg\" data-link=\"https:\/\/www.mamadouetbineta.org\/guinea\/strassenkinder-conakry-guinea\/#main\" class=\"wp-image-364\" srcset=\"https:\/\/www.mamadouetbineta.org\/wp-content\/uploads\/2021\/03\/situation-kinder-1.jpg 602w, https:\/\/www.mamadouetbineta.org\/wp-content\/uploads\/2021\/03\/situation-kinder-1-300x200.jpg 300w\" sizes=\"auto, (max-width: 602px) 100vw, 602px\" \/><\/figure><\/li><\/ul><\/figure>\n\n\n\n<p>Maymouna, Alphonse, Miriam : ils partagent un sort similaire. Nous avons rencontr\u00e9 ces enfants, parmi un grand nombre, dans la rue ou au travail. Leur situation sans espoir a \u00e9t\u00e9 caus\u00e9e par la pauvret\u00e9 ou la perte de celui qui prenait soin d\u2019eux.<\/p>\n\n\n\n<p>Le manque de soins des enfants, la malnutrition et l\u2019absence d\u2019instruction m\u00e8nent forc\u00e9ment \u00e0 la mis\u00e8re. Les enfants des rues rencontrent vite de nouveaux probl\u00e8mes. Des filles tombent enceintes. Les enfants parlent de travail forc\u00e9, de prostitution et de prisons. Des adultes les exploitent. Ils meurent souvent de maladies ou sont tu\u00e9s par \u00ab un plus grand \u00bb.<\/p>\n\n\n\n<p>Tous les enfants des rues sont tomb\u00e9s dans cette mis\u00e8re parce qu\u2019au moment d\u00e9cisif aucun adulte n\u2019\u00e9tait \u00e0 leur c\u00f4t\u00e9. De plus, la resocialisation de ces enfants est rendue difficile par l\u2019absence de possibilit\u00e9s de formation professionnelle. Les chances de trouver une activit\u00e9 professionnelle sont minimes et le taux de rechutes dans la rue est toujours trop \u00e9lev\u00e9.<\/p>\n\n\n\n<p>C\u2019est pourquoi nous agissons. Mamadou &amp; Bineta rencontre ces enfants, leur parle et leur apporte le stricte n\u00e9cessaire. On r\u00e9ussit presque toujours \u00e0 retrouver des proches et \u00e0 d\u00e9couvrir les raisons de leur mis\u00e8re. Ainsi on peut les aider efficacement pour leur permettre de retourner dans leur famille ou chez d\u2019autres personnes. Nous les y accompagnons toujours.<\/p>\n\n\n\n<p>En cas d&rsquo;\u00e9chec, nous soignons temporairement et en collaboration avec les administrations les enfants tr\u00e8s traumatis\u00e9s dans notre\u00a0<strong><a href=\"https:\/\/www.mamadouetbineta.org\/projekte-2\/auffangzentrum-mangueta\/\" data-type=\"page\" data-id=\"198\">centre d\u2019accueil.<\/a><\/strong><\/p>\n","protected":false},"excerpt":{"rendered":"<p>La Guin\u00e9e se situe sur la c\u00f4te ouest de l&rsquo;Afrique. Elle est riche en mati\u00e8res premi\u00e8res (or, diamant, bauxite) et dispose d&rsquo;un r\u00e9servoir d&rsquo;eau important. Malgr\u00e9 tout, la Guin\u00e9e est un des pays les plus pauvres au monde. Le pays se trouve sur la c\u00f4te ouest africaine. Il compte environ 11 millions d\u2019habitants, et est riche en mati\u00e8res premi\u00e8res. Il est malgr\u00e9 tout l\u2019un des pays les plus pauvres du monde. (Indice de d\u00e9veloppement mondial 2016 : 183\u00e8me sur 188). Le 2 octobre 1958, la Guin\u00e9e \u00e9tait le premier pays d&rsquo;Afrique \u00e0 prendre son ind\u00e9pendance de la France. Cette ind\u00e9pendance&#8230; <\/p>\n","protected":false},"author":1,"featured_media":0,"parent":0,"menu_order":0,"comment_status":"closed","ping_status":"closed","template":"","meta":{"_uag_custom_page_level_css":"","ngg_post_thumbnail":0,"footnotes":""},"class_list":["post-30","page","type-page","status-publish","hentry"],"translation":{"provider":"WPGlobus","version":"3.0.2","language":"fr","enabled_languages":["de","fr","en"],"languages":{"de":{"title":true,"content":true,"excerpt":false},"fr":{"title":true,"content":true,"excerpt":false},"en":{"title":true,"content":true,"excerpt":false}}},"uagb_featured_image_src":{"full":false,"thumbnail":false,"medium":false,"medium_large":false,"large":false,"1536x1536":false,"2048x2048":false,"homepage-thumb":false},"uagb_author_info":{"display_name":"mamadou","author_link":"https:\/\/www.mamadouetbineta.org\/fr\/author\/mamadou\/"},"uagb_comment_info":0,"uagb_excerpt":"La Guin\u00e9e se situe sur la c\u00f4te ouest de l&rsquo;Afrique. Elle est riche en mati\u00e8res premi\u00e8res (or, diamant, bauxite) et dispose d&rsquo;un r\u00e9servoir d&rsquo;eau important. Malgr\u00e9 tout, la Guin\u00e9e est un des pays les plus pauvres au monde. Le pays se trouve sur la c\u00f4te ouest africaine. Il compte environ 11 millions d\u2019habitants, et est\u2026","_links":{"self":[{"href":"https:\/\/www.mamadouetbineta.org\/fr\/wp-json\/wp\/v2\/pages\/30","targetHints":{"allow":["GET"]}}],"collection":[{"href":"https:\/\/www.mamadouetbineta.org\/fr\/wp-json\/wp\/v2\/pages"}],"about":[{"href":"https:\/\/www.mamadouetbineta.org\/fr\/wp-json\/wp\/v2\/types\/page"}],"author":[{"embeddable":true,"href":"https:\/\/www.mamadouetbineta.org\/fr\/wp-json\/wp\/v2\/users\/1"}],"replies":[{"embeddable":true,"href":"https:\/\/www.mamadouetbineta.org\/fr\/wp-json\/wp\/v2\/comments?post=30"}],"version-history":[{"count":6,"href":"https:\/\/www.mamadouetbineta.org\/fr\/wp-json\/wp\/v2\/pages\/30\/revisions"}],"predecessor-version":[{"id":375,"href":"https:\/\/www.mamadouetbineta.org\/fr\/wp-json\/wp\/v2\/pages\/30\/revisions\/375"}],"wp:attachment":[{"href":"https:\/\/www.mamadouetbineta.org\/fr\/wp-json\/wp\/v2\/media?parent=30"}],"curies":[{"name":"wp","href":"https:\/\/api.w.org\/{rel}","templated":true}]}}