{"id":26,"date":"2020-10-07T09:50:19","date_gmt":"2020-10-07T09:50:19","guid":{"rendered":"https:\/\/www.mamadouetbineta.info\/?page_id=26"},"modified":"2023-12-08T11:21:27","modified_gmt":"2023-12-08T10:21:27","slug":"verein","status":"publish","type":"page","link":"https:\/\/www.mamadouetbineta.org\/fr\/verein\/","title":{"rendered":"Association"},"content":{"rendered":"\n<figure class=\"wp-block-image size-full\"><img loading=\"lazy\" decoding=\"async\" width=\"956\" height=\"792\" src=\"https:\/\/www.mamadouetbineta.org\/wp-content\/uploads\/2022\/12\/HupfendeMadchen.jpg\" alt=\"\" class=\"wp-image-3789\" srcset=\"https:\/\/www.mamadouetbineta.org\/wp-content\/uploads\/2022\/12\/HupfendeMadchen.jpg 956w, https:\/\/www.mamadouetbineta.org\/wp-content\/uploads\/2022\/12\/HupfendeMadchen-300x249.jpg 300w, https:\/\/www.mamadouetbineta.org\/wp-content\/uploads\/2022\/12\/HupfendeMadchen-768x636.jpg 768w\" sizes=\"auto, (max-width: 956px) 100vw, 956px\" \/><\/figure>\n\n\n\n<p><\/p>\n\n\n\n<p>Mamadou &amp; Bineta a \u00e9t\u00e9 fond\u00e9e en 2006 par un cercle d\u2019amis pour venir en aide aux enfants des rues et aux orphelins de Guin\u00e9e. Nous nous effor\u00e7ons d\u2019apporter aux enfants n\u00e9cessiteux s\u00e9curit\u00e9, soins et formation. <\/p>\n\n\n\n<p>Ceci dans le but de resocialiser le plus d\u2019enfants possible et de les reconduire dans des structures familiales propices \u00e0 leur d\u00e9veloppement. Nos activit\u00e9s pr\u00e9ventives sont \u00e9galement importantes pour garder les enfants loin de la rue.<\/p>\n\n\n\n<p>Mamadou &amp; Bineta est reconnue comme association d&rsquo;utilit\u00e9 publique en Suisse. Vous trouverez les statuts de l&rsquo;association dans notre <a href=\"https:\/\/www.mamadouetbineta.org\/fr\/download\/statuten-des-vereins-mamadou-bineta\/\"><mark style=\"background-color:rgba(0, 0, 0, 0)\" class=\"has-inline-color has-vivid-green-cyan-color\">Infocenter.<\/mark><\/a><\/p>\n\n\n\n<div class=\"wp-block-columns is-layout-flex wp-container-core-columns-is-layout-9d6595d7 wp-block-columns-is-layout-flex\"><\/div>\n\n\n\n<div class=\"wp-block-columns is-layout-flex wp-container-core-columns-is-layout-9d6595d7 wp-block-columns-is-layout-flex\">\n<div class=\"wp-block-column is-layout-flow wp-block-column-is-layout-flow\">\n<h2 class=\"wp-block-heading\"><strong>Nom et id\u00e9e<\/strong><\/h2>\n\n\n\n<p class=\"has-background\" style=\"background-color:#e3dbd2\">Depuis 1950, l\u2019ouvrage standard, \u2018Mamadou &amp; Bineta\u2019, est utilis\u00e9 dans les pays francophones de l\u2019Afrique occidentale pour enseigner la lecture et l\u2019\u00e9criture. Des textes et des illustrations en 2 couleurs racontent des histoires de vie de deux enfants, Mamadou et Bineta (\u00e9dition EDICEF, 58, rue Jean-Bleuzen, F-92178 VANVES Cedex).<\/p>\n\n\n\n<div class=\"wp-block-buttons is-layout-flex wp-block-buttons-is-layout-flex\">\n<div class=\"wp-block-button has-custom-font-size has-medium-font-size\"><a class=\"wp-block-button__link has-background wp-element-button\" href=\"https:\/\/www.mamadouetbineta.org\/fr\/verein\/name-und-idee\/\" style=\"border-radius:2px;background-color:#31302e\">&gt;&gt;<\/a><\/div>\n<\/div>\n<\/div>\n\n\n\n<div class=\"wp-block-column is-layout-flow wp-block-column-is-layout-flow\">\n<h2 class=\"wp-block-heading\"><strong>Philosophie et strat\u00e9gie<\/strong><\/h2>\n\n\n\n<p class=\"has-background\" style=\"background-color:#e3dbd2\">Notre philosophie est d\u2019accompagner les communaut\u00e9s locales dans la protection de l&rsquo;enfant. Car nous croyons que la meilleure aide est celle qui \u00e9mane des Guin\u00e9ens eux-m\u00eames et emp\u00eache leurs enfants de tomber dans&nbsp; des situations de vuln\u00e9rabilit\u00e9s extr\u00eames. Nous ciblons donc, en dehors des projets concrets, l\u2019\u00e9ducation, la pr\u00e9vention et l\u2019instruction afin de cr\u00e9er un environnement social s\u00e9curis\u00e9 pour les enfants.<\/p>\n\n\n\n<div class=\"wp-block-buttons is-layout-flex wp-block-buttons-is-layout-flex\">\n<div class=\"wp-block-button has-custom-font-size has-medium-font-size\"><a class=\"wp-block-button__link wp-element-button\" href=\"https:\/\/www.mamadouetbineta.org\/fr\/verein\/philosophie-und-strategie\/\" style=\"border-radius:2px\">&gt;&gt;<\/a><\/div>\n<\/div>\n<\/div>\n<\/div>\n","protected":false},"excerpt":{"rendered":"<p>Mamadou &amp; Bineta a \u00e9t\u00e9 fond\u00e9e en 2006 par un cercle d\u2019amis pour venir en aide aux enfants des rues et aux orphelins de Guin\u00e9e. Nous nous effor\u00e7ons d\u2019apporter aux enfants n\u00e9cessiteux s\u00e9curit\u00e9, soins et formation. Ceci dans le but de resocialiser le plus d\u2019enfants possible et de les reconduire dans des structures familiales propices \u00e0 leur d\u00e9veloppement. Nos activit\u00e9s pr\u00e9ventives sont \u00e9galement importantes pour garder les enfants loin de la rue. Mamadou &amp; Bineta est reconnue comme association d&rsquo;utilit\u00e9 publique en Suisse. Vous trouverez les statuts de l&rsquo;association dans notre Infocenter. Nom et id\u00e9e Depuis 1950, l\u2019ouvrage standard, \u2018Mamadou&#8230; <\/p>\n","protected":false},"author":1,"featured_media":0,"parent":0,"menu_order":0,"comment_status":"closed","ping_status":"closed","template":"","meta":{"_uag_custom_page_level_css":"","ngg_post_thumbnail":0,"footnotes":""},"class_list":["post-26","page","type-page","status-publish","hentry"],"translation":{"provider":"WPGlobus","version":"3.0.2","language":"fr","enabled_languages":["de","fr","en"],"languages":{"de":{"title":true,"content":true,"excerpt":false},"fr":{"title":true,"content":true,"excerpt":false},"en":{"title":true,"content":true,"excerpt":false}}},"uagb_featured_image_src":{"full":false,"thumbnail":false,"medium":false,"medium_large":false,"large":false,"1536x1536":false,"2048x2048":false,"homepage-thumb":false},"uagb_author_info":{"display_name":"mamadou","author_link":"https:\/\/www.mamadouetbineta.org\/fr\/author\/mamadou\/"},"uagb_comment_info":0,"uagb_excerpt":"Mamadou &amp; Bineta a \u00e9t\u00e9 fond\u00e9e en 2006 par un cercle d\u2019amis pour venir en aide aux enfants des rues et aux orphelins de Guin\u00e9e. Nous nous effor\u00e7ons d\u2019apporter aux enfants n\u00e9cessiteux s\u00e9curit\u00e9, soins et formation. Ceci dans le but de resocialiser le plus d\u2019enfants possible et de les reconduire dans des structures familiales propices\u2026","_links":{"self":[{"href":"https:\/\/www.mamadouetbineta.org\/fr\/wp-json\/wp\/v2\/pages\/26","targetHints":{"allow":["GET"]}}],"collection":[{"href":"https:\/\/www.mamadouetbineta.org\/fr\/wp-json\/wp\/v2\/pages"}],"about":[{"href":"https:\/\/www.mamadouetbineta.org\/fr\/wp-json\/wp\/v2\/types\/page"}],"author":[{"embeddable":true,"href":"https:\/\/www.mamadouetbineta.org\/fr\/wp-json\/wp\/v2\/users\/1"}],"replies":[{"embeddable":true,"href":"https:\/\/www.mamadouetbineta.org\/fr\/wp-json\/wp\/v2\/comments?post=26"}],"version-history":[{"count":66,"href":"https:\/\/www.mamadouetbineta.org\/fr\/wp-json\/wp\/v2\/pages\/26\/revisions"}],"predecessor-version":[{"id":4283,"href":"https:\/\/www.mamadouetbineta.org\/fr\/wp-json\/wp\/v2\/pages\/26\/revisions\/4283"}],"wp:attachment":[{"href":"https:\/\/www.mamadouetbineta.org\/fr\/wp-json\/wp\/v2\/media?parent=26"}],"curies":[{"name":"wp","href":"https:\/\/api.w.org\/{rel}","templated":true}]}}