{"id":241,"date":"2021-02-21T10:40:40","date_gmt":"2021-02-21T09:40:40","guid":{"rendered":"https:\/\/www.mamadouetbineta.info\/?page_id=241"},"modified":"2022-12-16T11:52:47","modified_gmt":"2022-12-16T10:52:47","slug":"anlaesse","status":"publish","type":"page","link":"https:\/\/www.mamadouetbineta.org\/fr\/anlaesse\/","title":{"rendered":"\u00c9v\u00e9nements pass\u00e9s"},"content":{"rendered":"<p>&nbsp;<\/p>\n\n\n<h4 class=\"wp-block-heading\"><strong><strong>March\u00e9 aux livres<\/strong><\/strong> &#8211; 2019<\/h4>\n\n\n\n<p>Le 28 novembre 2019, la FHS-Bibliothek de Saint-Gall ouvre ses portes pour la quatri\u00e8me fois \u00e0 une brocante de livres de 15h \u00e0 19h ! Cette ann\u00e9e, Mamadou &amp; Bineta recevra l&rsquo;int\u00e9gralit\u00e9 des recettes de ce march\u00e9 aux livres. D\u00e8s maintenant et jusqu&rsquo;au 26 novembre, la FHS collecte des livres bien conserv\u00e9s (art, fiction, voyage, livres illustr\u00e9s, etc.), des CD, des DVD et des livres audio. Ceux-ci peuvent \u00eatre d\u00e9pos\u00e9s pendant les heures d&rsquo;ouverture (de 8h \u00e0 19h45) au comptoir de la biblioth\u00e8que de la FHS de Saint-Gall. Voici le lien pour plus d&rsquo;informations :<\/p>\n\n\n\n<p><a href=\"https:\/\/www.fhsg.ch\/de\/fachhochschule\/bibliothek\/buecherflohmarkt\/\">https:\/\/www.fhsg.ch\/de\/fachhochschule\/bibliothek\/buecherflohmarkt\/<\/a><\/p>\n\n\n\n<hr class=\"wp-block-separator has-css-opacity\"\/>\n\n\n\n<h4 class=\"wp-block-heading\"><strong><strong>\u00bbKnonau pour l\u2019Afrique\u00ab 2019<\/strong><\/strong><\/h4>\n\n\n\n<p>Nous avons le plaisir de vous inviter d\u00e8s \u00e0 pr\u00e9sent \u00e0 Knonau\/ZH.&nbsp;<strong>Dimanche, 15 septembre 2019<\/strong>, Monika Henzler organise une nouvelle fois la f\u00eate des enfants \u00ab Knonau f\u00fcr Afrika \u00bb (Knonau pour l\u2019Afrique). Cette ann\u00e9e aussi, l\u2019offre est vari\u00e9e. C\u2019est un \u00e9v\u00e9nement important car il nous met en relation avec des personnes int\u00e9ress\u00e9es et contribue significativement \u00e0 notre budget annuel. Nous serions heureux de vous y rencontrer.&nbsp;<a href=\"https:\/\/www.mamadouetbineta.org\/fr\/kinderfest\/\">Le programme<\/a><\/p>\n\n\n\n<hr class=\"wp-block-separator has-alpha-channel-opacity\"\/>\n\n\n\n<h4 class=\"wp-block-heading\"><strong><strong>R\u00e9union d\u2019information \u00e0 St. Gall \u2013 2018<\/strong><\/strong><\/h4>\n\n\n\n<p>Nous invitons chaque ann\u00e9e \u00e0 une r\u00e9union d\u2019information tous ceux qui nous ont soutenus si g\u00e9n\u00e9reusement ainsi que ceux qui souhaitent s&rsquo;informer d\u2019avantage sur notre travail en Guin\u00e9e. Merci \u00e0 nos amis africains pour la pr\u00e9paration du repas le samedi, 3 novembre 2018.<\/p>\n\n\n\n<hr class=\"wp-block-separator has-css-opacity\"\/>\n\n\n\n<h4 class=\"wp-block-heading\">\u00a0<strong>\u00bbKnonau pour l\u2019Afrique\u00ab \u2013 2017<\/strong><\/h4>\n\n\n\n<p>Le 30 septembre 2017, deux de nos membres du bureau ont organis\u00e9, une fois de plus, avec quelques aides b\u00e9n\u00e9voles la f\u00eate villageoise <a href=\"https:\/\/www.mamadouetbineta.org\/fr\/kinderfest\/\">\u00ab\u00a0Knonau pour l&rsquo;Afrique\u00a0\u00bb<\/a>. De nombreux artistes, commer\u00e7ants et particuliers y ont contribu\u00e9 gratuitement pour une f\u00eate inoubliable. Sans les b\u00e9n\u00e9fices de cet \u00e9v\u00e9nement, de nombreux projets importants des derni\u00e8res ann\u00e9es, tels que l\u2019augmentation du nombre d\u2019enfants dans le centre d\u2019accueil, n\u2019auraient pas \u00e9t\u00e9 possibles.<\/p>\n\n\n\n<hr class=\"wp-block-separator has-css-opacity\"\/>\n\n\n\n<h4 class=\"wp-block-heading\"><strong><strong>R\u00e9union d\u2019information \u00e0 St. Gall \u2013 2016<\/strong><\/strong><\/h4>\n\n\n\n<div class=\"wp-block-media-text alignwide is-stacked-on-mobile\"><figure class=\"wp-block-media-text__media\"><img loading=\"lazy\" decoding=\"async\" width=\"223\" height=\"167\" src=\"https:\/\/www.mamadouetbineta.org\/wp-content\/uploads\/2021\/02\/img_4162.jpg\" alt=\"\" class=\"wp-image-242 size-full\"\/><\/figure><div class=\"wp-block-media-text__content\">\n<p id=\"u78046-5\">Nous invitons chaque ann\u00e9e \u00e0 une r\u00e9union d\u2019information tous ceux qui nous ont soutenus si g\u00e9n\u00e9reusement ainsi que ceux qui souhaitent s&rsquo;informer d\u2019avantage sur notre travail en Guin\u00e9e. Merci \u00e0 nos amis africains pour la pr\u00e9paration du repas et les spectacles musicals le dimanche, 18 septembre 2016.<\/p>\n\n\n\n<p><\/p>\n\n\n\n<p><\/p>\n<\/div><\/div>\n\n\n\n<hr class=\"wp-block-separator has-css-opacity\"\/>\n\n\n\n<h4 class=\"wp-block-heading\">\u00a0<strong><strong>\u00bbKnonau pour l\u2019Afrique\u00ab 2015<\/strong><\/strong><\/h4>\n\n\n\n<p>Le 19 septembre 2015, Monika Henzler, habitant \u00e0 Knonau et membre du bureau de Mamadou &amp; Bineta, a organis\u00e9 une fois de plus la f\u00eate publique des enfants <a href=\"https:\/\/www.mamadouetbineta.org\/fr\/kinderfest\/\"><strong>\u00ab Knonau pour l\u2019Afrique \u00bb<\/strong>.<\/a><br>De nombreux artistes, entreprises et particuliers avaient accept\u00e9 de participer b\u00e9n\u00e9volement au programme. Le b\u00e9n\u00e9fice a \u00e9t\u00e9 destin\u00e9 \u00e0 Mamadou &amp; Bineta et envoy\u00e9 directement en Afrique.<br>C\u2019\u00e9tait une journ\u00e9e merveilleuse. Nous remercions les nombreuses aides, les visiteurs et les administrations \u00e0 Knonau ZH pour leur solidarit\u00e9, leur soutien actif et leur g\u00e9n\u00e9rosit\u00e9.<\/p>\n\n\n\n<p><\/p>\n\n\n\n<p><\/p>\n\n\n\n<hr class=\"wp-block-separator has-css-opacity\"\/>\n\n\n\n<h4 class=\"wp-block-heading\">\u00a0<strong><strong>\u00bbLe mois de l\u2019enfant\u00ab<\/strong><\/strong><\/h4>\n\n\n\n<p>Conjointement avec l\u2019UNICEF et les \u0153uvres caritatives, le gouvernement a d\u00e9clar\u00e9 le mois de juin comme \u00ab le mois de l\u2019enfant \u00bb. C\u2019est une bonne occasion pour sensibiliser la population.&nbsp; Mamadou &amp; Bineta a soutenu de nombreux \u00e9v\u00e9nements par un travail d\u2019information.<\/p>\n\n\n\n<figure class=\"wp-block-image size-large\"><img loading=\"lazy\" decoding=\"async\" width=\"593\" height=\"445\" src=\"https:\/\/www.mamadouetbineta.org\/wp-content\/uploads\/2021\/02\/p6180714.jpg\" alt=\"\" class=\"wp-image-250\" srcset=\"https:\/\/www.mamadouetbineta.org\/wp-content\/uploads\/2021\/02\/p6180714.jpg 593w, https:\/\/www.mamadouetbineta.org\/wp-content\/uploads\/2021\/02\/p6180714-300x225.jpg 300w\" sizes=\"auto, (max-width: 593px) 100vw, 593px\" \/><\/figure>\n\n\n\n<p>&nbsp;<\/p>\n\n\n<p>&nbsp;<\/p>","protected":false},"excerpt":{"rendered":"<p>&nbsp; March\u00e9 aux livres &#8211; 2019 Le 28 novembre 2019, la FHS-Bibliothek de Saint-Gall ouvre ses portes pour la quatri\u00e8me fois \u00e0 une brocante de livres de 15h \u00e0 19h ! Cette ann\u00e9e, Mamadou &amp; Bineta recevra l&rsquo;int\u00e9gralit\u00e9 des recettes de ce march\u00e9 aux livres. D\u00e8s maintenant et jusqu&rsquo;au 26 novembre, la FHS collecte des livres bien conserv\u00e9s (art, fiction, voyage, livres illustr\u00e9s, etc.), des CD, des DVD et des livres audio. Ceux-ci peuvent \u00eatre d\u00e9pos\u00e9s pendant les heures d&rsquo;ouverture (de 8h \u00e0 19h45) au comptoir de la biblioth\u00e8que de la FHS de Saint-Gall. Voici le lien pour plus d&rsquo;informations&#8230; <\/p>\n","protected":false},"author":1,"featured_media":0,"parent":0,"menu_order":0,"comment_status":"closed","ping_status":"closed","template":"","meta":{"_uag_custom_page_level_css":"","ngg_post_thumbnail":0,"footnotes":""},"class_list":["post-241","page","type-page","status-publish","hentry"],"translation":{"provider":"WPGlobus","version":"3.0.2","language":"fr","enabled_languages":["de","fr","en"],"languages":{"de":{"title":true,"content":true,"excerpt":false},"fr":{"title":true,"content":true,"excerpt":false},"en":{"title":true,"content":true,"excerpt":false}}},"uagb_featured_image_src":{"full":false,"thumbnail":false,"medium":false,"medium_large":false,"large":false,"1536x1536":false,"2048x2048":false,"homepage-thumb":false},"uagb_author_info":{"display_name":"mamadou","author_link":"https:\/\/www.mamadouetbineta.org\/fr\/author\/mamadou\/"},"uagb_comment_info":0,"uagb_excerpt":"&nbsp; March\u00e9 aux livres &#8211; 2019 Le 28 novembre 2019, la FHS-Bibliothek de Saint-Gall ouvre ses portes pour la quatri\u00e8me fois \u00e0 une brocante de livres de 15h \u00e0 19h ! Cette ann\u00e9e, Mamadou &amp; Bineta recevra l&rsquo;int\u00e9gralit\u00e9 des recettes de ce march\u00e9 aux livres. D\u00e8s maintenant et jusqu&rsquo;au 26 novembre, la FHS collecte des\u2026","_links":{"self":[{"href":"https:\/\/www.mamadouetbineta.org\/fr\/wp-json\/wp\/v2\/pages\/241","targetHints":{"allow":["GET"]}}],"collection":[{"href":"https:\/\/www.mamadouetbineta.org\/fr\/wp-json\/wp\/v2\/pages"}],"about":[{"href":"https:\/\/www.mamadouetbineta.org\/fr\/wp-json\/wp\/v2\/types\/page"}],"author":[{"embeddable":true,"href":"https:\/\/www.mamadouetbineta.org\/fr\/wp-json\/wp\/v2\/users\/1"}],"replies":[{"embeddable":true,"href":"https:\/\/www.mamadouetbineta.org\/fr\/wp-json\/wp\/v2\/comments?post=241"}],"version-history":[{"count":57,"href":"https:\/\/www.mamadouetbineta.org\/fr\/wp-json\/wp\/v2\/pages\/241\/revisions"}],"predecessor-version":[{"id":3837,"href":"https:\/\/www.mamadouetbineta.org\/fr\/wp-json\/wp\/v2\/pages\/241\/revisions\/3837"}],"wp:attachment":[{"href":"https:\/\/www.mamadouetbineta.org\/fr\/wp-json\/wp\/v2\/media?parent=241"}],"curies":[{"name":"wp","href":"https:\/\/api.w.org\/{rel}","templated":true}]}}