{"id":216,"date":"2021-01-27T18:03:41","date_gmt":"2021-01-27T17:03:41","guid":{"rendered":"https:\/\/www.mamadouetbineta.info\/?page_id=216"},"modified":"2024-02-22T09:40:09","modified_gmt":"2024-02-22T08:40:09","slug":"betreuung-von-kindern-und-jugendlichen-im-gefaengnis","status":"publish","type":"page","link":"https:\/\/www.mamadouetbineta.org\/fr\/projekte-2\/betreuung-von-kindern-und-jugendlichen-im-gefaengnis\/","title":{"rendered":"Assistance aux enfants et adolescents en prison"},"content":{"rendered":"<p><p>Parmi nos projets, on compte d\u00e9sormais aussi l\u2019assistance aux enfants en prison dans la capitale Conakry.<\/p>Nos contacts avec l\u2019administration et les autres institutions locales nous ont permis\u00a0 d\u2019acc\u00e9der \u00e0 ces enfants et adolescents dans la prison centrale. La plupart du temps, ils y sont incarc\u00e9r\u00e9s pour de petits larcins, dans des conditions inhumaines. Nous cherchons \u00e0 leur parler et organisons des aides juridiques gratuites pour eux.<\/p>\n\n<p><img loading=\"lazy\" decoding=\"async\" class=\"alignnone size-full wp-image-895\" src=\"https:\/\/www.mamadouetbineta.org\/wp-content\/uploads\/2021\/07\/dscn0340.jpg\" alt=\"\" width=\"301\" height=\"226\"> <img loading=\"lazy\" decoding=\"async\" class=\"alignnone  wp-image-896\" src=\"https:\/\/www.mamadouetbineta.org\/wp-content\/uploads\/2021\/07\/foto_s4.jpg\" alt=\"\" width=\"259\" height=\"224\"><\/p>\n<p>Nous contactons les membres de leurs familles et soutenons ces enfants et adolescents \u00e0 leur sortie de prison pendant quelque temps. Nous avons enfin \u00e9t\u00e9 entendus par le Minist\u00e8re de Justice comp\u00e9tent. Nous avons pu attirer l\u2019attention sur la situation catastrophique dans les prisons et l\u2019\u00e2ge terriblement jeune de certains d\u00e9tenus.<\/p>\n\n\n<p>Dans le cadre d\u2019une amnistie, nous avons obtenu que les enfants d\u00e9tenus innocemment dans la plupart des cas soient enregistr\u00e9s par leurs noms (ils ne figuraient souvent nulle part, donc n\u2019existaient pour ainsi dire pas), qu\u2019ils soient assist\u00e9s et accompagn\u00e9s jusqu\u2019\u00e0 leur lib\u00e9ration.<\/p>\n\n\n\n<p>Entretemps, nous \u00e9tions oblig\u00e9s d\u2019arr\u00eater cette aide importante. Si dans l\u2019avenir nous pouvons compter sur un partenariat fiable avec un autre organisme caritatif, nous examinerons une reprise de cette activit\u00e9.<\/p>\n","protected":false},"excerpt":{"rendered":"<p>Parmi nos projets, on compte d\u00e9sormais aussi l\u2019assistance aux enfants en prison dans la capitale Conakry. Nos contacts avec l\u2019administration et les autres institutions locales nous ont permis\u00a0 d\u2019acc\u00e9der \u00e0 ces enfants et adolescents dans la prison centrale. La plupart du temps, ils y sont incarc\u00e9r\u00e9s pour de petits larcins, dans des conditions inhumaines. Nous cherchons \u00e0 leur parler et organisons des aides juridiques gratuites pour eux. Nous contactons les membres de leurs familles et soutenons ces enfants et adolescents \u00e0 leur sortie de prison pendant quelque temps. Nous avons enfin \u00e9t\u00e9 entendus par le Minist\u00e8re de Justice comp\u00e9tent. Nous&#8230; <\/p>\n","protected":false},"author":1,"featured_media":0,"parent":192,"menu_order":12,"comment_status":"closed","ping_status":"closed","template":"","meta":{"_uag_custom_page_level_css":"","ngg_post_thumbnail":0,"footnotes":""},"class_list":["post-216","page","type-page","status-publish","hentry"],"translation":{"provider":"WPGlobus","version":"3.0.2","language":"fr","enabled_languages":["de","fr","en"],"languages":{"de":{"title":true,"content":true,"excerpt":false},"fr":{"title":true,"content":true,"excerpt":false},"en":{"title":true,"content":true,"excerpt":false}}},"uagb_featured_image_src":{"full":false,"thumbnail":false,"medium":false,"medium_large":false,"large":false,"1536x1536":false,"2048x2048":false,"homepage-thumb":false},"uagb_author_info":{"display_name":"mamadou","author_link":"https:\/\/www.mamadouetbineta.org\/fr\/author\/mamadou\/"},"uagb_comment_info":0,"uagb_excerpt":"Parmi nos projets, on compte d\u00e9sormais aussi l\u2019assistance aux enfants en prison dans la capitale Conakry. Nos contacts avec l\u2019administration et les autres institutions locales nous ont permis\u00a0 d\u2019acc\u00e9der \u00e0 ces enfants et adolescents dans la prison centrale. La plupart du temps, ils y sont incarc\u00e9r\u00e9s pour de petits larcins, dans des conditions inhumaines. Nous\u2026","_links":{"self":[{"href":"https:\/\/www.mamadouetbineta.org\/fr\/wp-json\/wp\/v2\/pages\/216","targetHints":{"allow":["GET"]}}],"collection":[{"href":"https:\/\/www.mamadouetbineta.org\/fr\/wp-json\/wp\/v2\/pages"}],"about":[{"href":"https:\/\/www.mamadouetbineta.org\/fr\/wp-json\/wp\/v2\/types\/page"}],"author":[{"embeddable":true,"href":"https:\/\/www.mamadouetbineta.org\/fr\/wp-json\/wp\/v2\/users\/1"}],"replies":[{"embeddable":true,"href":"https:\/\/www.mamadouetbineta.org\/fr\/wp-json\/wp\/v2\/comments?post=216"}],"version-history":[{"count":12,"href":"https:\/\/www.mamadouetbineta.org\/fr\/wp-json\/wp\/v2\/pages\/216\/revisions"}],"predecessor-version":[{"id":4458,"href":"https:\/\/www.mamadouetbineta.org\/fr\/wp-json\/wp\/v2\/pages\/216\/revisions\/4458"}],"up":[{"embeddable":true,"href":"https:\/\/www.mamadouetbineta.org\/fr\/wp-json\/wp\/v2\/pages\/192"}],"wp:attachment":[{"href":"https:\/\/www.mamadouetbineta.org\/fr\/wp-json\/wp\/v2\/media?parent=216"}],"curies":[{"name":"wp","href":"https:\/\/api.w.org\/{rel}","templated":true}]}}