{"id":202,"date":"2021-01-27T17:58:15","date_gmt":"2021-01-27T16:58:15","guid":{"rendered":"https:\/\/www.mamadouetbineta.info\/?page_id=202"},"modified":"2024-02-29T10:35:35","modified_gmt":"2024-02-29T09:35:35","slug":"naehatelier","status":"publish","type":"page","link":"https:\/\/www.mamadouetbineta.org\/fr\/projekte-2\/naehatelier\/","title":{"rendered":"Notre atelier de couture"},"content":{"rendered":"\n<p>Malgr\u00e9 un soutien temporaire, les jeunes filles adolescentes et non scolaris\u00e9es ont du mal \u00e0 ne pas tomber dans une d\u00e9pendance aux cons\u00e9quences souvent graves.<\/p>\n\n\n\n<p>Notre strat\u00e9gie a toujours consist\u00e9 \u00e0 offrir une formation professionnelle aux jeunes filles afin de les aider \u00e0 d\u00e9marrer une vie autonome. Un atelier de couture est une \u00e9vidence, car la plupart des gens en Guin\u00e9e portent des v\u00eatements qu&rsquo;ils ont fabriqu\u00e9s eux-m\u00eames.<\/p>\n\n\n\n<p>Des jeunes filles \u00e2g\u00e9es de 12 \u00e0 17 ans y apprennent le m\u00e9tier sous la direction de deux couturi\u00e8res exp\u00e9riment\u00e9es. Deux jardini\u00e8res d&rsquo;enfants s&rsquo;occupent des b\u00e9b\u00e9s. Toutes les filles sont en outre alphab\u00e9tis\u00e9es.<\/p>\n\n\n\n<p>Fin 2019, les premi\u00e8res filles ont termin\u00e9 leur formation. Nous leur avons trouv\u00e9 un emploi et nous les suivons.<\/p>\n\n\n\n<p>Actuellement, 17 filles suivent une formation (\u00e9tat en 2023).<\/p>\n\n\n\n<p>Nous avons \u00e9galement mis en place un petit magasin de vente et proposons nos services \u00e0 la population \u00e0 un prix avantageux.<\/p>\n\n\n\n<figure class=\"wp-block-gallery has-nested-images columns-default is-cropped wp-block-gallery-1 is-layout-flex wp-block-gallery-is-layout-flex\">\n<figure class=\"wp-block-image size-large\"><img loading=\"lazy\" decoding=\"async\" width=\"1024\" height=\"680\" data-id=\"3703\" src=\"https:\/\/www.mamadouetbineta.org\/wp-content\/uploads\/2022\/12\/Naehatelier6-1024x680.jpg\" alt=\"\" class=\"wp-image-3703\" srcset=\"https:\/\/www.mamadouetbineta.org\/wp-content\/uploads\/2022\/12\/Naehatelier6-1024x680.jpg 1024w, https:\/\/www.mamadouetbineta.org\/wp-content\/uploads\/2022\/12\/Naehatelier6-300x199.jpg 300w, https:\/\/www.mamadouetbineta.org\/wp-content\/uploads\/2022\/12\/Naehatelier6-150x100.jpg 150w, https:\/\/www.mamadouetbineta.org\/wp-content\/uploads\/2022\/12\/Naehatelier6-768x510.jpg 768w, https:\/\/www.mamadouetbineta.org\/wp-content\/uploads\/2022\/12\/Naehatelier6-1536x1020.jpg 1536w, https:\/\/www.mamadouetbineta.org\/wp-content\/uploads\/2022\/12\/Naehatelier6-2048x1360.jpg 2048w\" sizes=\"auto, (max-width: 1024px) 100vw, 1024px\" \/><\/figure>\n\n\n\n<figure class=\"wp-block-image size-large\"><img loading=\"lazy\" decoding=\"async\" width=\"2560\" height=\"1700\" data-id=\"3704\" src=\"https:\/\/www.mamadouetbineta.org\/wp-content\/uploads\/2022\/12\/Naehatelier5-scaled.jpg\" alt=\"\" class=\"wp-image-3704\" srcset=\"https:\/\/www.mamadouetbineta.org\/wp-content\/uploads\/2022\/12\/Naehatelier5-scaled.jpg 2560w, https:\/\/www.mamadouetbineta.org\/wp-content\/uploads\/2022\/12\/Naehatelier5-300x199.jpg 300w\" sizes=\"auto, (max-width: 2560px) 100vw, 2560px\" \/><\/figure>\n\n\n\n<figure class=\"wp-block-image size-large\"><img loading=\"lazy\" decoding=\"async\" width=\"762\" height=\"1024\" data-id=\"3701\" src=\"https:\/\/www.mamadouetbineta.org\/wp-content\/uploads\/2022\/12\/Naehatelier2-762x1024.jpg\" alt=\"\" class=\"wp-image-3701\" srcset=\"https:\/\/www.mamadouetbineta.org\/wp-content\/uploads\/2022\/12\/Naehatelier2-762x1024.jpg 762w, https:\/\/www.mamadouetbineta.org\/wp-content\/uploads\/2022\/12\/Naehatelier2-223x300.jpg 223w, https:\/\/www.mamadouetbineta.org\/wp-content\/uploads\/2022\/12\/Naehatelier2.jpg 768w\" sizes=\"auto, (max-width: 762px) 100vw, 762px\" \/><\/figure>\n\n\n\n<figure class=\"wp-block-image size-large\"><img loading=\"lazy\" decoding=\"async\" width=\"1024\" height=\"1014\" data-id=\"3702\" src=\"https:\/\/www.mamadouetbineta.org\/wp-content\/uploads\/2022\/12\/Naehatelier4-1024x1014.jpg\" alt=\"\" class=\"wp-image-3702\" srcset=\"https:\/\/www.mamadouetbineta.org\/wp-content\/uploads\/2022\/12\/Naehatelier4-1024x1014.jpg 1024w, https:\/\/www.mamadouetbineta.org\/wp-content\/uploads\/2022\/12\/Naehatelier4-300x297.jpg 300w, https:\/\/www.mamadouetbineta.org\/wp-content\/uploads\/2022\/12\/Naehatelier4-768x760.jpg 768w, https:\/\/www.mamadouetbineta.org\/wp-content\/uploads\/2022\/12\/Naehatelier4.jpg 1330w\" sizes=\"auto, (max-width: 1024px) 100vw, 1024px\" \/><\/figure>\n\n\n\n<figure class=\"wp-block-image size-large\"><img loading=\"lazy\" decoding=\"async\" width=\"1024\" height=\"1024\" data-id=\"3699\" src=\"https:\/\/www.mamadouetbineta.org\/wp-content\/uploads\/2022\/12\/Naehatelier3-1024x1024.jpg\" alt=\"\" class=\"wp-image-3699\" srcset=\"https:\/\/www.mamadouetbineta.org\/wp-content\/uploads\/2022\/12\/Naehatelier3.jpg 1024w, https:\/\/www.mamadouetbineta.org\/wp-content\/uploads\/2022\/12\/Naehatelier3-300x300.jpg 300w, https:\/\/www.mamadouetbineta.org\/wp-content\/uploads\/2022\/12\/Naehatelier3-768x768.jpg 768w\" sizes=\"auto, (max-width: 1024px) 100vw, 1024px\" \/><\/figure>\n\n\n\n<figure class=\"wp-block-image size-large\"><img loading=\"lazy\" decoding=\"async\" width=\"762\" height=\"1024\" data-id=\"3700\" src=\"https:\/\/www.mamadouetbineta.org\/wp-content\/uploads\/2022\/12\/Naehatelier1-762x1024.jpg\" alt=\"\" class=\"wp-image-3700\" srcset=\"https:\/\/www.mamadouetbineta.org\/wp-content\/uploads\/2022\/12\/Naehatelier1-762x1024.jpg 762w, https:\/\/www.mamadouetbineta.org\/wp-content\/uploads\/2022\/12\/Naehatelier1-223x300.jpg 223w, https:\/\/www.mamadouetbineta.org\/wp-content\/uploads\/2022\/12\/Naehatelier1.jpg 768w\" sizes=\"auto, (max-width: 762px) 100vw, 762px\" \/><\/figure>\n<\/figure>\n","protected":false},"excerpt":{"rendered":"<p>Malgr\u00e9 un soutien temporaire, les jeunes filles adolescentes et non scolaris\u00e9es ont du mal \u00e0 ne pas tomber dans une d\u00e9pendance aux cons\u00e9quences souvent graves. Notre strat\u00e9gie a toujours consist\u00e9 \u00e0 offrir une formation professionnelle aux jeunes filles afin de les aider \u00e0 d\u00e9marrer une vie autonome. Un atelier de couture est une \u00e9vidence, car la plupart des gens en Guin\u00e9e portent des v\u00eatements qu&rsquo;ils ont fabriqu\u00e9s eux-m\u00eames. Des jeunes filles \u00e2g\u00e9es de 12 \u00e0 17 ans y apprennent le m\u00e9tier sous la direction de deux couturi\u00e8res exp\u00e9riment\u00e9es. Deux jardini\u00e8res d&rsquo;enfants s&rsquo;occupent des b\u00e9b\u00e9s. Toutes les filles sont en outre&#8230; <\/p>\n","protected":false},"author":1,"featured_media":0,"parent":192,"menu_order":5,"comment_status":"closed","ping_status":"closed","template":"","meta":{"_uag_custom_page_level_css":"","ngg_post_thumbnail":0,"footnotes":""},"class_list":["post-202","page","type-page","status-publish","hentry"],"translation":{"provider":"WPGlobus","version":"3.0.2","language":"fr","enabled_languages":["de","fr","en"],"languages":{"de":{"title":true,"content":true,"excerpt":false},"fr":{"title":true,"content":true,"excerpt":false},"en":{"title":true,"content":true,"excerpt":false}}},"uagb_featured_image_src":{"full":false,"thumbnail":false,"medium":false,"medium_large":false,"large":false,"1536x1536":false,"2048x2048":false,"homepage-thumb":false},"uagb_author_info":{"display_name":"mamadou","author_link":"https:\/\/www.mamadouetbineta.org\/fr\/author\/mamadou\/"},"uagb_comment_info":0,"uagb_excerpt":"Malgr\u00e9 un soutien temporaire, les jeunes filles adolescentes et non scolaris\u00e9es ont du mal \u00e0 ne pas tomber dans une d\u00e9pendance aux cons\u00e9quences souvent graves. Notre strat\u00e9gie a toujours consist\u00e9 \u00e0 offrir une formation professionnelle aux jeunes filles afin de les aider \u00e0 d\u00e9marrer une vie autonome. Un atelier de couture est une \u00e9vidence, car\u2026","_links":{"self":[{"href":"https:\/\/www.mamadouetbineta.org\/fr\/wp-json\/wp\/v2\/pages\/202","targetHints":{"allow":["GET"]}}],"collection":[{"href":"https:\/\/www.mamadouetbineta.org\/fr\/wp-json\/wp\/v2\/pages"}],"about":[{"href":"https:\/\/www.mamadouetbineta.org\/fr\/wp-json\/wp\/v2\/types\/page"}],"author":[{"embeddable":true,"href":"https:\/\/www.mamadouetbineta.org\/fr\/wp-json\/wp\/v2\/users\/1"}],"replies":[{"embeddable":true,"href":"https:\/\/www.mamadouetbineta.org\/fr\/wp-json\/wp\/v2\/comments?post=202"}],"version-history":[{"count":16,"href":"https:\/\/www.mamadouetbineta.org\/fr\/wp-json\/wp\/v2\/pages\/202\/revisions"}],"predecessor-version":[{"id":4597,"href":"https:\/\/www.mamadouetbineta.org\/fr\/wp-json\/wp\/v2\/pages\/202\/revisions\/4597"}],"up":[{"embeddable":true,"href":"https:\/\/www.mamadouetbineta.org\/fr\/wp-json\/wp\/v2\/pages\/192"}],"wp:attachment":[{"href":"https:\/\/www.mamadouetbineta.org\/fr\/wp-json\/wp\/v2\/media?parent=202"}],"curies":[{"name":"wp","href":"https:\/\/api.w.org\/{rel}","templated":true}]}}