{"id":2,"date":"2020-08-25T07:38:35","date_gmt":"2020-08-25T07:38:35","guid":{"rendered":"https:\/\/www.mamadouetbineta.info\/?page_id=2"},"modified":"2021-07-08T10:57:10","modified_gmt":"2021-07-08T09:57:10","slug":"sample-page","status":"publish","type":"page","link":"https:\/\/www.mamadouetbineta.org\/fr\/","title":{"rendered":"Startseite"},"content":{"rendered":"\n<h2 class=\"wp-block-heading\">Aktuelles von Mamadou &amp; Bineta<\/h2>\n\n\n<ul class=\"wp-block-latest-posts__list wp-block-latest-posts\"><li><a class=\"wp-block-latest-posts__post-title\" href=\"https:\/\/www.mamadouetbineta.org\/fr\/2025\/12\/17\/info-bulletin-no-39-dezember-2025-und-jahresrueckblick-2024-2025\/\">Info Bulletin No. 39 (D\u00e9cember 2025) und R\u00e9trospective 2024\/2025<\/a><\/li>\n<li><a class=\"wp-block-latest-posts__post-title\" href=\"https:\/\/www.mamadouetbineta.org\/fr\/2025\/08\/18\/solidaritaet-die-bewegt\/\">Une solidarit\u00e9 qui nous touche<\/a><\/li>\n<li><a class=\"wp-block-latest-posts__post-title\" href=\"https:\/\/www.mamadouetbineta.org\/fr\/2025\/07\/17\/bildung-verantwortung-und-mitgefuehl-eine-schule-macht-den-unterschied\/\">\u00c9ducation, responsabilit\u00e9 et solidarit\u00e9 : une \u00e9cole qui fait la diff\u00e9rence<\/a><\/li>\n<li><a class=\"wp-block-latest-posts__post-title\" href=\"https:\/\/www.mamadouetbineta.org\/fr\/2025\/07\/10\/neue-matratzen-fuer-unser-zentrum-in-mangueta\/\">Nouveaux matelas pour notre centre d\u2019accueil \u00e0 Mangueta !<\/a><\/li>\n<li><a class=\"wp-block-latest-posts__post-title\" href=\"https:\/\/www.mamadouetbineta.org\/fr\/2025\/06\/25\/info-bulletin-nr-38-juni-2025\/\">Bulletin d&rsquo;information n\u00b0 38 (Juin 2025)<\/a><\/li>\n<\/ul>\n\n\n<p><\/p>\n","protected":false},"excerpt":{"rendered":"<p>Aktuelles von Mamadou &amp; Bineta<\/p>\n","protected":false},"author":1,"featured_media":0,"parent":0,"menu_order":0,"comment_status":"closed","ping_status":"open","template":"","meta":{"_uag_custom_page_level_css":"","ngg_post_thumbnail":0,"footnotes":""},"class_list":["post-2","page","type-page","status-publish","hentry"],"translation":{"provider":"WPGlobus","version":"3.0.2","language":"fr","enabled_languages":["de","fr","en"],"languages":{"de":{"title":true,"content":true,"excerpt":false},"fr":{"title":false,"content":false,"excerpt":false},"en":{"title":false,"content":false,"excerpt":false}}},"uagb_featured_image_src":{"full":false,"thumbnail":false,"medium":false,"medium_large":false,"large":false,"1536x1536":false,"2048x2048":false,"homepage-thumb":false},"uagb_author_info":{"display_name":"mamadou","author_link":"https:\/\/www.mamadouetbineta.org\/fr\/author\/mamadou\/"},"uagb_comment_info":1,"uagb_excerpt":"Aktuelles von Mamadou &amp; Bineta","_links":{"self":[{"href":"https:\/\/www.mamadouetbineta.org\/fr\/wp-json\/wp\/v2\/pages\/2","targetHints":{"allow":["GET"]}}],"collection":[{"href":"https:\/\/www.mamadouetbineta.org\/fr\/wp-json\/wp\/v2\/pages"}],"about":[{"href":"https:\/\/www.mamadouetbineta.org\/fr\/wp-json\/wp\/v2\/types\/page"}],"author":[{"embeddable":true,"href":"https:\/\/www.mamadouetbineta.org\/fr\/wp-json\/wp\/v2\/users\/1"}],"replies":[{"embeddable":true,"href":"https:\/\/www.mamadouetbineta.org\/fr\/wp-json\/wp\/v2\/comments?post=2"}],"version-history":[{"count":4,"href":"https:\/\/www.mamadouetbineta.org\/fr\/wp-json\/wp\/v2\/pages\/2\/revisions"}],"predecessor-version":[{"id":96,"href":"https:\/\/www.mamadouetbineta.org\/fr\/wp-json\/wp\/v2\/pages\/2\/revisions\/96"}],"wp:attachment":[{"href":"https:\/\/www.mamadouetbineta.org\/fr\/wp-json\/wp\/v2\/media?parent=2"}],"curies":[{"name":"wp","href":"https:\/\/api.w.org\/{rel}","templated":true}]}}