{"id":192,"date":"2021-01-27T16:52:32","date_gmt":"2021-01-27T15:52:32","guid":{"rendered":"https:\/\/www.mamadouetbineta.info\/?page_id=192"},"modified":"2024-02-22T09:42:51","modified_gmt":"2024-02-22T08:42:51","slug":"projekte-2","status":"publish","type":"page","link":"https:\/\/www.mamadouetbineta.org\/fr\/projekte-2\/","title":{"rendered":"Projets"},"content":{"rendered":"\n<figure class=\"wp-block-image size-large is-resized\"><img loading=\"lazy\" decoding=\"async\" width=\"602\" height=\"433\" src=\"https:\/\/www.mamadouetbineta.org\/wp-content\/uploads\/2021\/02\/tor-mangueta.jpg\" alt=\"\" class=\"wp-image-255\" style=\"width:841px;height:auto\" srcset=\"https:\/\/www.mamadouetbineta.org\/wp-content\/uploads\/2021\/02\/tor-mangueta.jpg 602w, https:\/\/www.mamadouetbineta.org\/wp-content\/uploads\/2021\/02\/tor-mangueta-300x216.jpg 300w\" sizes=\"auto, (max-width: 602px) 100vw, 602px\" \/><\/figure>\n\n\n\n<p><\/p>\n\n\n\n<p>Depuis 2006, nous travaillons en Guin\u00e9e dans le but d\u2019apporter aux enfants n\u00e9cessiteux de la s\u00e9curit\u00e9, des soins et de la formation. Notre objectif est de resocialiser les enfants, de les r\u00e9ins\u00e9rer dans des structures familiales et de faire de la pr\u00e9vention. Nous avons le plaisir de vous pr\u00e9senter ici les projets actuels.<\/p>\n\n\n\n<p><a href=\"https:\/\/www.mamadouetbineta.org\/fr\/projekte-2\/ausbildung-der-kinderschutzbeauftragten\/\"><mark style=\"background-color:rgba(0, 0, 0, 0)\" class=\"has-inline-color has-vivid-green-cyan-color\">Formation des CLEF<\/mark><\/a><\/p>\n\n\n\n<p><a href=\"https:\/\/www.mamadouetbineta.org\/fr\/projekte-2\/zusammenarbeit-mit-den-kinderschutzbeauftragten\/\" data-type=\"page\" data-id=\"196\"><mark style=\"background-color:rgba(0, 0, 0, 0)\" class=\"has-inline-color has-vivid-green-cyan-color\">Collaboration CLEF<\/mark><\/a><\/p>\n\n\n\n<p><a href=\"https:\/\/www.mamadouetbineta.org\/fr\/projekte-2\/auffangzentrum-mangueta\/\"><mark style=\"background-color:rgba(0, 0, 0, 0)\" class=\"has-inline-color has-vivid-green-cyan-color\">Centre d&rsquo;accueil \u00e0 Mangueta<\/mark><\/a><\/p>\n\n\n\n<p><a href=\"https:\/\/www.mamadouetbineta.org\/fr\/projekte-2\/beschaffung-geburtsurkunden\/\"><mark style=\"background-color:rgba(0, 0, 0, 0)\" class=\"has-inline-color has-vivid-green-cyan-color\">Actes de naissance<\/mark><\/a><\/p>\n\n\n\n<p><a href=\"https:\/\/www.mamadouetbineta.org\/fr\/projekte-2\/naehatelier\/\"><mark style=\"background-color:rgba(0, 0, 0, 0)\" class=\"has-inline-color has-vivid-green-cyan-color\">Atelier de couture<\/mark><\/a><\/p>\n\n\n\n<p><a href=\"https:\/\/www.mamadouetbineta.org\/fr\/projekte-2\/partnerschaft-mit-aied-le-centre-daide-aux-enfants-desherites\/\"><mark style=\"background-color:rgba(0, 0, 0, 0)\" class=\"has-inline-color has-vivid-green-cyan-color\">Partenariat avec AIED<\/mark><\/a><\/p>\n\n\n\n<p><a href=\"https:\/\/www.mamadouetbineta.org\/fr\/projekte-2\/partnerschaft-mit-tyabala-theatre\/\"><mark style=\"background-color:rgba(0, 0, 0, 0)\" class=\"has-inline-color has-vivid-green-cyan-color\">Partenariat avec Tyabala Th\u00e9atre<\/mark><\/a><\/p>\n\n\n\n<p><a href=\"https:\/\/www.mamadouetbineta.org\/fr\/projekte-2\/partnerschaft-mit\/\"><mark style=\"background-color:rgba(0, 0, 0, 0)\" class=\"has-inline-color has-vivid-green-cyan-color\">Partenariat avec Thai Box Federation Guinea<\/mark><\/a><\/p>\n\n\n\n<p><a href=\"https:\/\/www.mamadouetbineta.org\/fr\/projekte-2\/partnerschaft-universitat-kofi-annan\/\"><mark style=\"background-color:rgba(0, 0, 0, 0)\" class=\"has-inline-color has-vivid-green-cyan-color\">Partenariat avec l&rsquo;Universit\u00e9 Kofi Annan<\/mark><\/a><\/p>\n\n\n\n<p><a href=\"https:\/\/www.mamadouetbineta.org\/fr\/projekte-2\/partnerschaft-mit-african-girls-power\/\"><mark style=\"background-color:rgba(0, 0, 0, 0)\" class=\"has-inline-color has-vivid-green-cyan-color\">Partenariat avec African Girls Power<\/mark><\/a><\/p>\n\n\n\n<p><a href=\"https:\/\/www.mamadouetbineta.org\/fr\/projekte-2\/partnerschaft-mit-dr-sekou-2-keita\/\"><mark style=\"background-color:rgba(0, 0, 0, 0)\" class=\"has-inline-color has-vivid-green-cyan-color\">Partenariat avec Dr. S\u00e9kou 2 Keita<\/mark><\/a><\/p>\n\n\n\n<p><a href=\"https:\/\/www.mamadouetbineta.org\/fr\/projekte-2\/projekte-mit-der-bevoelkerung\/\"><mark style=\"background-color:rgba(0, 0, 0, 0)\" class=\"has-inline-color has-vivid-green-cyan-color\">Projets avec la population<\/mark><\/a><\/p>\n\n\n\n<p><a href=\"https:\/\/www.mamadouetbineta.org\/fr\/projekte-2\/betreuung-von-kindern-und-jugendlichen-im-gefaengnis\/\"><mark style=\"background-color:rgba(0, 0, 0, 0)\" class=\"has-inline-color has-vivid-green-cyan-color\">Assistance en prison<\/mark><\/a><\/p>\n\n\n\n<p><a href=\"https:\/\/www.mamadouetbineta.org\/fr\/projekte-2\/sonnenenergie\/\"><mark style=\"background-color:rgba(0, 0, 0, 0)\" class=\"has-inline-color has-vivid-green-cyan-color\">Energie solaire<\/mark><\/a><\/p>\n\n\n\n<p><a href=\"https:\/\/www.mamadouetbineta.org\/fr\/projekte-2\/kampagne-gegen-ebola\/\"><mark style=\"background-color:rgba(0, 0, 0, 0)\" class=\"has-inline-color has-vivid-green-cyan-color\">Campagne contre l&rsquo;Ebola<\/mark><\/a><\/p>\n","protected":false},"excerpt":{"rendered":"<p>Depuis 2006, nous travaillons en Guin\u00e9e dans le but d\u2019apporter aux enfants n\u00e9cessiteux de la s\u00e9curit\u00e9, des soins et de la formation. Notre objectif est de resocialiser les enfants, de les r\u00e9ins\u00e9rer dans des structures familiales et de faire de la pr\u00e9vention. Nous avons le plaisir de vous pr\u00e9senter ici les projets actuels. Formation des CLEF Collaboration CLEF Centre d&rsquo;accueil \u00e0 Mangueta Actes de naissance Atelier de couture Partenariat avec AIED Partenariat avec Tyabala Th\u00e9atre Partenariat avec Thai Box Federation Guinea Partenariat avec l&rsquo;Universit\u00e9 Kofi Annan Partenariat avec African Girls Power Partenariat avec Dr. S\u00e9kou 2 Keita Projets avec la&#8230; <\/p>\n","protected":false},"author":1,"featured_media":0,"parent":0,"menu_order":0,"comment_status":"closed","ping_status":"closed","template":"","meta":{"_uag_custom_page_level_css":"","ngg_post_thumbnail":0,"footnotes":""},"class_list":["post-192","page","type-page","status-publish","hentry"],"translation":{"provider":"WPGlobus","version":"3.0.2","language":"fr","enabled_languages":["de","fr","en"],"languages":{"de":{"title":true,"content":true,"excerpt":false},"fr":{"title":true,"content":true,"excerpt":false},"en":{"title":true,"content":true,"excerpt":false}}},"uagb_featured_image_src":{"full":false,"thumbnail":false,"medium":false,"medium_large":false,"large":false,"1536x1536":false,"2048x2048":false,"homepage-thumb":false},"uagb_author_info":{"display_name":"mamadou","author_link":"https:\/\/www.mamadouetbineta.org\/fr\/author\/mamadou\/"},"uagb_comment_info":0,"uagb_excerpt":"Depuis 2006, nous travaillons en Guin\u00e9e dans le but d\u2019apporter aux enfants n\u00e9cessiteux de la s\u00e9curit\u00e9, des soins et de la formation. Notre objectif est de resocialiser les enfants, de les r\u00e9ins\u00e9rer dans des structures familiales et de faire de la pr\u00e9vention. Nous avons le plaisir de vous pr\u00e9senter ici les projets actuels. Formation des\u2026","_links":{"self":[{"href":"https:\/\/www.mamadouetbineta.org\/fr\/wp-json\/wp\/v2\/pages\/192","targetHints":{"allow":["GET"]}}],"collection":[{"href":"https:\/\/www.mamadouetbineta.org\/fr\/wp-json\/wp\/v2\/pages"}],"about":[{"href":"https:\/\/www.mamadouetbineta.org\/fr\/wp-json\/wp\/v2\/types\/page"}],"author":[{"embeddable":true,"href":"https:\/\/www.mamadouetbineta.org\/fr\/wp-json\/wp\/v2\/users\/1"}],"replies":[{"embeddable":true,"href":"https:\/\/www.mamadouetbineta.org\/fr\/wp-json\/wp\/v2\/comments?post=192"}],"version-history":[{"count":37,"href":"https:\/\/www.mamadouetbineta.org\/fr\/wp-json\/wp\/v2\/pages\/192\/revisions"}],"predecessor-version":[{"id":4461,"href":"https:\/\/www.mamadouetbineta.org\/fr\/wp-json\/wp\/v2\/pages\/192\/revisions\/4461"}],"wp:attachment":[{"href":"https:\/\/www.mamadouetbineta.org\/fr\/wp-json\/wp\/v2\/media?parent=192"}],"curies":[{"name":"wp","href":"https:\/\/api.w.org\/{rel}","templated":true}]}}