{"id":3448,"date":"2022-12-02T15:47:57","date_gmt":"2022-12-02T14:47:57","guid":{"rendered":"https:\/\/www.mamadouetbineta.org\/?page_id=3448"},"modified":"2022-12-02T16:00:23","modified_gmt":"2022-12-02T15:00:23","slug":"partnerschaft-mit-aied-le-centre-daide-aux-enfants-desherites","status":"publish","type":"page","link":"https:\/\/www.mamadouetbineta.org\/en\/projekte-2\/partnerschaft-mit-aied-le-centre-daide-aux-enfants-desherites\/","title":{"rendered":"Partnership with AIED"},"content":{"rendered":"\n<p>AIED (le centre d\u2019Aide aux Enfants D\u00e9sh\u00e9rit\u00e9s) cares for abandoned children. MB covers the costs of feeding about 40 children in the centre every month.<\/p>\n\n\n\n<p>In addition, we support the AIED on an ad hoc basis, for example by paying two months&#8217; rent in advance or by financing a water tank in order to guarantee the supply of water directly in the centre and to prevent the children from risking their lives in search of water.<\/p>\n\n\n\n<p>In addition, we support the Cia, the founder, with our know-how in the administration and care of the centre. For example, we have drawn up a cleaning plan together with him and are helping him to compile the children&#8217;s files.<\/p>\n\n\n\n<figure class=\"wp-block-image size-full\"><img loading=\"lazy\" decoding=\"async\" width=\"1024\" height=\"682\" src=\"https:\/\/www.mamadouetbineta.org\/wp-content\/uploads\/2022\/12\/595375c300c01e75-photo.jpg\" alt=\"Signing of the partnership contract in February 2022\" class=\"wp-image-3449\" srcset=\"https:\/\/www.mamadouetbineta.org\/wp-content\/uploads\/2022\/12\/595375c300c01e75-photo.jpg 1024w, https:\/\/www.mamadouetbineta.org\/wp-content\/uploads\/2022\/12\/595375c300c01e75-photo-300x200.jpg 300w, https:\/\/www.mamadouetbineta.org\/wp-content\/uploads\/2022\/12\/595375c300c01e75-photo-150x100.jpg 150w, https:\/\/www.mamadouetbineta.org\/wp-content\/uploads\/2022\/12\/595375c300c01e75-photo-768x512.jpg 768w\" sizes=\"auto, (max-width: 1024px) 100vw, 1024px\" \/><figcaption class=\"wp-element-caption\">Signing of the partnership contract in February 2022<\/figcaption><\/figure>\n","protected":false},"excerpt":{"rendered":"<p>AIED (le centre d\u2019Aide aux Enfants D\u00e9sh\u00e9rit\u00e9s) cares for abandoned children. MB covers the costs of feeding about 40 children in the centre every month. In addition, we support the AIED on an ad hoc basis, for example by paying two months&#8217; rent in advance or by financing a water tank in order to guarantee the supply of water directly in the centre and to prevent the children from risking their lives in search of water. In addition, we support the Cia, the founder, with our know-how in the administration and care of the centre. For example, we have drawn&#8230; <\/p>\n","protected":false},"author":1,"featured_media":3451,"parent":192,"menu_order":7,"comment_status":"closed","ping_status":"closed","template":"","meta":{"_uag_custom_page_level_css":"","ngg_post_thumbnail":0,"footnotes":""},"class_list":["post-3448","page","type-page","status-publish","has-post-thumbnail","hentry"],"translation":{"provider":"WPGlobus","version":"3.0.2","language":"en","enabled_languages":["de","fr","en"],"languages":{"de":{"title":true,"content":true,"excerpt":false},"fr":{"title":true,"content":true,"excerpt":false},"en":{"title":true,"content":true,"excerpt":false}}},"uagb_featured_image_src":{"full":["https:\/\/www.mamadouetbineta.org\/wp-content\/uploads\/2022\/12\/Kooperation-mit-Waisenhaus-fur-ausgesetzte-Kleinkinder-4.jpg",547,410,false],"thumbnail":["https:\/\/www.mamadouetbineta.org\/wp-content\/uploads\/2022\/12\/Kooperation-mit-Waisenhaus-fur-ausgesetzte-Kleinkinder-4-150x100.jpg",150,100,true],"medium":["https:\/\/www.mamadouetbineta.org\/wp-content\/uploads\/2022\/12\/Kooperation-mit-Waisenhaus-fur-ausgesetzte-Kleinkinder-4-300x225.jpg",300,225,true],"medium_large":["https:\/\/www.mamadouetbineta.org\/wp-content\/uploads\/2022\/12\/Kooperation-mit-Waisenhaus-fur-ausgesetzte-Kleinkinder-4.jpg",547,410,false],"large":["https:\/\/www.mamadouetbineta.org\/wp-content\/uploads\/2022\/12\/Kooperation-mit-Waisenhaus-fur-ausgesetzte-Kleinkinder-4.jpg",547,410,false],"1536x1536":["https:\/\/www.mamadouetbineta.org\/wp-content\/uploads\/2022\/12\/Kooperation-mit-Waisenhaus-fur-ausgesetzte-Kleinkinder-4.jpg",547,410,false],"2048x2048":["https:\/\/www.mamadouetbineta.org\/wp-content\/uploads\/2022\/12\/Kooperation-mit-Waisenhaus-fur-ausgesetzte-Kleinkinder-4.jpg",547,410,false],"homepage-thumb":["https:\/\/www.mamadouetbineta.org\/wp-content\/uploads\/2022\/12\/Kooperation-mit-Waisenhaus-fur-ausgesetzte-Kleinkinder-4-240x145.jpg",240,145,true]},"uagb_author_info":{"display_name":"mamadou","author_link":"https:\/\/www.mamadouetbineta.org\/en\/author\/mamadou\/"},"uagb_comment_info":0,"uagb_excerpt":"AIED (le centre d\u2019Aide aux Enfants D\u00e9sh\u00e9rit\u00e9s) cares for abandoned children. MB covers the costs of feeding about 40 children in the centre every month. In addition, we support the AIED on an ad hoc basis, for example by paying two months&#8217; rent in advance or by financing a water tank in order to guarantee&hellip;","_links":{"self":[{"href":"https:\/\/www.mamadouetbineta.org\/en\/wp-json\/wp\/v2\/pages\/3448","targetHints":{"allow":["GET"]}}],"collection":[{"href":"https:\/\/www.mamadouetbineta.org\/en\/wp-json\/wp\/v2\/pages"}],"about":[{"href":"https:\/\/www.mamadouetbineta.org\/en\/wp-json\/wp\/v2\/types\/page"}],"author":[{"embeddable":true,"href":"https:\/\/www.mamadouetbineta.org\/en\/wp-json\/wp\/v2\/users\/1"}],"replies":[{"embeddable":true,"href":"https:\/\/www.mamadouetbineta.org\/en\/wp-json\/wp\/v2\/comments?post=3448"}],"version-history":[{"count":13,"href":"https:\/\/www.mamadouetbineta.org\/en\/wp-json\/wp\/v2\/pages\/3448\/revisions"}],"predecessor-version":[{"id":3468,"href":"https:\/\/www.mamadouetbineta.org\/en\/wp-json\/wp\/v2\/pages\/3448\/revisions\/3468"}],"up":[{"embeddable":true,"href":"https:\/\/www.mamadouetbineta.org\/en\/wp-json\/wp\/v2\/pages\/192"}],"wp:featuredmedia":[{"embeddable":true,"href":"https:\/\/www.mamadouetbineta.org\/en\/wp-json\/wp\/v2\/media\/3451"}],"wp:attachment":[{"href":"https:\/\/www.mamadouetbineta.org\/en\/wp-json\/wp\/v2\/media?parent=3448"}],"curies":[{"name":"wp","href":"https:\/\/api.w.org\/{rel}","templated":true}]}}