{"id":218,"date":"2021-01-27T18:04:58","date_gmt":"2021-01-27T17:04:58","guid":{"rendered":"https:\/\/www.mamadouetbineta.info\/?page_id=218"},"modified":"2022-12-15T16:32:06","modified_gmt":"2022-12-15T15:32:06","slug":"sonnenenergie","status":"publish","type":"page","link":"https:\/\/www.mamadouetbineta.org\/en\/projekte-2\/sonnenenergie\/","title":{"rendered":"Solar energy"},"content":{"rendered":"\n<p>For someone who just has to press a button to regulate heating or lighting, lack of electricity is unimaginable. On our site in Guinea means a little power but so much more than just to have light. Electricity is needed to train young people in crafts and improve the hygiene (food refrigeration) and the security situation (lightning). <br><br>In December 2012, our first building was equipped with solar panels. At the back of the house is the secured room with the technology and the batteries. At the same time, a closed mobile system for the use of solar energy was developed. Both systems have been extensively tested and our staff trained to keep the equipment running as long and safely as possible.<\/p>\n\n\n\n<p id=\"u164028-2\">All this was only possible thanks to generous financial and advisory support from:<\/p>\n\n\n\n<p><strong>Helion Solar Ost AG, Herisauer-Strasse 70, 9015 St. Gallen<\/strong><br><strong>S\u00e4ntis Batterien J. G\u00f6ldi AG, Kamorstr. 17, 9464 R\u00fcthi SG<\/strong><br><strong>Kreis Wasser AG, Moosstrasse 52, 9014 St. Gallen<\/strong><br><strong>J. F. Tichit, Cerutti-Experts, Paris<\/strong><\/p>\n\n\n\n<p>In 2020, we again received numerous panels and batteries, which have all been installed in the meantime.<\/p>\n\n\n\n<p>This makes our work in the sewing studio, in security (lighting of the grounds) and in school operations much easier.<\/p>\n\n\n\n<figure class=\"wp-block-gallery has-nested-images columns-default is-cropped wp-block-gallery-1 is-layout-flex wp-block-gallery-is-layout-flex\">\n<figure class=\"wp-block-image size-large\"><img loading=\"lazy\" decoding=\"async\" width=\"774\" height=\"524\" data-id=\"3712\" src=\"https:\/\/www.mamadouetbineta.org\/wp-content\/uploads\/2022\/12\/1Solar_1.jpg\" alt=\"\" class=\"wp-image-3712\" srcset=\"https:\/\/www.mamadouetbineta.org\/wp-content\/uploads\/2022\/12\/1Solar_1.jpg 774w, https:\/\/www.mamadouetbineta.org\/wp-content\/uploads\/2022\/12\/1Solar_1-300x203.jpg 300w, https:\/\/www.mamadouetbineta.org\/wp-content\/uploads\/2022\/12\/1Solar_1-768x520.jpg 768w\" sizes=\"auto, (max-width: 774px) 100vw, 774px\" \/><\/figure>\n\n\n\n<figure class=\"wp-block-image size-large\"><img loading=\"lazy\" decoding=\"async\" width=\"568\" height=\"403\" data-id=\"3711\" src=\"https:\/\/www.mamadouetbineta.org\/wp-content\/uploads\/2022\/12\/Solar1.jpg\" alt=\"\" class=\"wp-image-3711\" srcset=\"https:\/\/www.mamadouetbineta.org\/wp-content\/uploads\/2022\/12\/Solar1.jpg 568w, https:\/\/www.mamadouetbineta.org\/wp-content\/uploads\/2022\/12\/Solar1-300x213.jpg 300w\" sizes=\"auto, (max-width: 568px) 100vw, 568px\" \/><\/figure>\n\n\n\n<figure class=\"wp-block-image size-large\"><img loading=\"lazy\" decoding=\"async\" width=\"1024\" height=\"768\" data-id=\"3717\" src=\"https:\/\/www.mamadouetbineta.org\/wp-content\/uploads\/2022\/12\/Solar3-1024x768.jpg\" alt=\"\" class=\"wp-image-3717\" srcset=\"https:\/\/www.mamadouetbineta.org\/wp-content\/uploads\/2022\/12\/Solar3-1024x768.jpg 1024w, https:\/\/www.mamadouetbineta.org\/wp-content\/uploads\/2022\/12\/Solar3-300x225.jpg 300w, https:\/\/www.mamadouetbineta.org\/wp-content\/uploads\/2022\/12\/Solar3-768x576.jpg 768w, https:\/\/www.mamadouetbineta.org\/wp-content\/uploads\/2022\/12\/Solar3-1536x1152.jpg 1536w, https:\/\/www.mamadouetbineta.org\/wp-content\/uploads\/2022\/12\/Solar3-2048x1536.jpg 2048w\" sizes=\"auto, (max-width: 1024px) 100vw, 1024px\" \/><\/figure>\n\n\n\n<figure class=\"wp-block-image size-large\"><img loading=\"lazy\" decoding=\"async\" width=\"1024\" height=\"576\" data-id=\"3715\" src=\"https:\/\/www.mamadouetbineta.org\/wp-content\/uploads\/2022\/12\/Solar5-1024x576.jpg\" alt=\"\" class=\"wp-image-3715\" srcset=\"https:\/\/www.mamadouetbineta.org\/wp-content\/uploads\/2022\/12\/Solar5-1024x576.jpg 1024w, https:\/\/www.mamadouetbineta.org\/wp-content\/uploads\/2022\/12\/Solar5-300x169.jpg 300w, https:\/\/www.mamadouetbineta.org\/wp-content\/uploads\/2022\/12\/Solar5-768x432.jpg 768w, https:\/\/www.mamadouetbineta.org\/wp-content\/uploads\/2022\/12\/Solar5.jpg 1032w\" sizes=\"auto, (max-width: 1024px) 100vw, 1024px\" \/><\/figure>\n\n\n\n<figure class=\"wp-block-image size-large\"><img loading=\"lazy\" decoding=\"async\" width=\"960\" height=\"540\" data-id=\"3714\" src=\"https:\/\/www.mamadouetbineta.org\/wp-content\/uploads\/2022\/12\/Solar6.jpg\" alt=\"\" class=\"wp-image-3714\" srcset=\"https:\/\/www.mamadouetbineta.org\/wp-content\/uploads\/2022\/12\/Solar6.jpg 960w, https:\/\/www.mamadouetbineta.org\/wp-content\/uploads\/2022\/12\/Solar6-300x169.jpg 300w, https:\/\/www.mamadouetbineta.org\/wp-content\/uploads\/2022\/12\/Solar6-768x432.jpg 768w\" sizes=\"auto, (max-width: 960px) 100vw, 960px\" \/><\/figure>\n\n\n\n<figure class=\"wp-block-image size-large\"><img loading=\"lazy\" decoding=\"async\" width=\"1024\" height=\"768\" data-id=\"3713\" src=\"https:\/\/www.mamadouetbineta.org\/wp-content\/uploads\/2022\/12\/Solar2-1024x768.jpg\" alt=\"\" class=\"wp-image-3713\" srcset=\"https:\/\/www.mamadouetbineta.org\/wp-content\/uploads\/2022\/12\/Solar2-1024x768.jpg 1024w, https:\/\/www.mamadouetbineta.org\/wp-content\/uploads\/2022\/12\/Solar2-300x225.jpg 300w, https:\/\/www.mamadouetbineta.org\/wp-content\/uploads\/2022\/12\/Solar2-768x576.jpg 768w, https:\/\/www.mamadouetbineta.org\/wp-content\/uploads\/2022\/12\/Solar2-1536x1152.jpg 1536w, https:\/\/www.mamadouetbineta.org\/wp-content\/uploads\/2022\/12\/Solar2-2048x1536.jpg 2048w\" sizes=\"auto, (max-width: 1024px) 100vw, 1024px\" \/><\/figure>\n\n\n\n<figure class=\"wp-block-image size-large\"><img loading=\"lazy\" decoding=\"async\" width=\"1024\" height=\"768\" data-id=\"3716\" src=\"https:\/\/www.mamadouetbineta.org\/wp-content\/uploads\/2022\/12\/Solar7-1024x768.jpg\" alt=\"\" class=\"wp-image-3716\" srcset=\"https:\/\/www.mamadouetbineta.org\/wp-content\/uploads\/2022\/12\/Solar7-1024x768.jpg 1024w, https:\/\/www.mamadouetbineta.org\/wp-content\/uploads\/2022\/12\/Solar7-300x225.jpg 300w, https:\/\/www.mamadouetbineta.org\/wp-content\/uploads\/2022\/12\/Solar7-768x576.jpg 768w, https:\/\/www.mamadouetbineta.org\/wp-content\/uploads\/2022\/12\/Solar7.jpg 1032w\" sizes=\"auto, (max-width: 1024px) 100vw, 1024px\" \/><\/figure>\n\n\n\n<figure class=\"wp-block-image size-large\"><img loading=\"lazy\" decoding=\"async\" width=\"1008\" height=\"567\" data-id=\"3718\" src=\"https:\/\/www.mamadouetbineta.org\/wp-content\/uploads\/2022\/12\/Solar4.jpg\" alt=\"\" class=\"wp-image-3718\" srcset=\"https:\/\/www.mamadouetbineta.org\/wp-content\/uploads\/2022\/12\/Solar4.jpg 1008w, https:\/\/www.mamadouetbineta.org\/wp-content\/uploads\/2022\/12\/Solar4-300x169.jpg 300w, https:\/\/www.mamadouetbineta.org\/wp-content\/uploads\/2022\/12\/Solar4-768x432.jpg 768w\" sizes=\"auto, (max-width: 1008px) 100vw, 1008px\" \/><\/figure>\n\n\n\n<figure class=\"wp-block-image size-large\"><img loading=\"lazy\" decoding=\"async\" width=\"1024\" height=\"576\" data-id=\"3719\" src=\"https:\/\/www.mamadouetbineta.org\/wp-content\/uploads\/2022\/12\/Solar8-1024x576.jpg\" alt=\"\" class=\"wp-image-3719\" srcset=\"https:\/\/www.mamadouetbineta.org\/wp-content\/uploads\/2022\/12\/Solar8-1024x576.jpg 1024w, https:\/\/www.mamadouetbineta.org\/wp-content\/uploads\/2022\/12\/Solar8-300x169.jpg 300w, https:\/\/www.mamadouetbineta.org\/wp-content\/uploads\/2022\/12\/Solar8-768x432.jpg 768w, https:\/\/www.mamadouetbineta.org\/wp-content\/uploads\/2022\/12\/Solar8.jpg 1032w\" sizes=\"auto, (max-width: 1024px) 100vw, 1024px\" \/><\/figure>\n<\/figure>\n","protected":false},"excerpt":{"rendered":"<p>For someone who just has to press a button to regulate heating or lighting, lack of electricity is unimaginable. On our site in Guinea means a little power but so much more than just to have light. Electricity is needed to train young people in crafts and improve the hygiene (food refrigeration) and the security situation (lightning). In December 2012, our first building was equipped with solar panels. At the back of the house is the secured room with the technology and the batteries. At the same time, a closed mobile system for the use of solar energy was developed&#8230;. <\/p>\n","protected":false},"author":1,"featured_media":0,"parent":192,"menu_order":13,"comment_status":"closed","ping_status":"closed","template":"","meta":{"_uag_custom_page_level_css":"","ngg_post_thumbnail":0,"footnotes":""},"class_list":["post-218","page","type-page","status-publish","hentry"],"translation":{"provider":"WPGlobus","version":"3.0.2","language":"en","enabled_languages":["de","fr","en"],"languages":{"de":{"title":true,"content":true,"excerpt":false},"fr":{"title":true,"content":true,"excerpt":false},"en":{"title":true,"content":true,"excerpt":false}}},"uagb_featured_image_src":{"full":false,"thumbnail":false,"medium":false,"medium_large":false,"large":false,"1536x1536":false,"2048x2048":false,"homepage-thumb":false},"uagb_author_info":{"display_name":"mamadou","author_link":"https:\/\/www.mamadouetbineta.org\/en\/author\/mamadou\/"},"uagb_comment_info":0,"uagb_excerpt":"For someone who just has to press a button to regulate heating or lighting, lack of electricity is unimaginable. On our site in Guinea means a little power but so much more than just to have light. Electricity is needed to train young people in crafts and improve the hygiene (food refrigeration) and the security&hellip;","_links":{"self":[{"href":"https:\/\/www.mamadouetbineta.org\/en\/wp-json\/wp\/v2\/pages\/218","targetHints":{"allow":["GET"]}}],"collection":[{"href":"https:\/\/www.mamadouetbineta.org\/en\/wp-json\/wp\/v2\/pages"}],"about":[{"href":"https:\/\/www.mamadouetbineta.org\/en\/wp-json\/wp\/v2\/types\/page"}],"author":[{"embeddable":true,"href":"https:\/\/www.mamadouetbineta.org\/en\/wp-json\/wp\/v2\/users\/1"}],"replies":[{"embeddable":true,"href":"https:\/\/www.mamadouetbineta.org\/en\/wp-json\/wp\/v2\/comments?post=218"}],"version-history":[{"count":10,"href":"https:\/\/www.mamadouetbineta.org\/en\/wp-json\/wp\/v2\/pages\/218\/revisions"}],"predecessor-version":[{"id":3724,"href":"https:\/\/www.mamadouetbineta.org\/en\/wp-json\/wp\/v2\/pages\/218\/revisions\/3724"}],"up":[{"embeddable":true,"href":"https:\/\/www.mamadouetbineta.org\/en\/wp-json\/wp\/v2\/pages\/192"}],"wp:attachment":[{"href":"https:\/\/www.mamadouetbineta.org\/en\/wp-json\/wp\/v2\/media?parent=218"}],"curies":[{"name":"wp","href":"https:\/\/api.w.org\/{rel}","templated":true}]}}