{"id":1770,"date":"2021-07-19T11:15:08","date_gmt":"2021-07-19T10:15:08","guid":{"rendered":"https:\/\/www.mamadouetbineta.info\/?page_id=1770"},"modified":"2024-03-04T08:21:58","modified_gmt":"2024-03-04T07:21:58","slug":"videos","status":"publish","type":"page","link":"https:\/\/www.mamadouetbineta.org\/en\/infocenter\/bilder-videos\/videos\/","title":{"rendered":"Videos"},"content":{"rendered":"\n<p>Gemeinsam musizieren<\/p>\n\n\n\n<figure class=\"wp-block-embed is-type-video is-provider-youtube wp-block-embed-youtube wp-embed-aspect-16-9 wp-has-aspect-ratio\"><div class=\"wp-block-embed__wrapper\">\n<iframe loading=\"lazy\" title=\"Gemeinsam musizieren\" width=\"500\" height=\"281\" src=\"https:\/\/www.youtube.com\/embed\/ibvTCeCVqIc?feature=oembed\" frameborder=\"0\" allow=\"accelerometer; autoplay; clipboard-write; encrypted-media; gyroscope; picture-in-picture; web-share\" referrerpolicy=\"strict-origin-when-cross-origin\" allowfullscreen><\/iframe>\n<\/div><\/figure>\n\n\n\n<p>Mamadou &amp; Bineta in Bildern &#8211; 2022\/2023<\/p>\n\n\n\n<figure class=\"wp-block-embed is-type-video is-provider-youtube wp-block-embed-youtube wp-embed-aspect-16-9 wp-has-aspect-ratio\"><div class=\"wp-block-embed__wrapper\">\n<iframe loading=\"lazy\" title=\"Mamadou &amp; Bineta 2022\/2023 in Bildern\" width=\"500\" height=\"281\" src=\"https:\/\/www.youtube.com\/embed\/JO1v_qNXWac?feature=oembed\" frameborder=\"0\" allow=\"accelerometer; autoplay; clipboard-write; encrypted-media; gyroscope; picture-in-picture; web-share\" referrerpolicy=\"strict-origin-when-cross-origin\" allowfullscreen><\/iframe>\n<\/div><\/figure>\n\n\n\n<p>Kinderfest im Auffangzentrum &#8211; Juni 2023<\/p>\n\n\n\n<figure class=\"wp-block-embed is-type-video is-provider-youtube wp-block-embed-youtube wp-embed-aspect-16-9 wp-has-aspect-ratio\"><div class=\"wp-block-embed__wrapper\">\n<iframe loading=\"lazy\" title=\"Kinderfest 2023\" width=\"500\" height=\"281\" src=\"https:\/\/www.youtube.com\/embed\/7dvPQE7Ghyo?feature=oembed\" frameborder=\"0\" allow=\"accelerometer; autoplay; clipboard-write; encrypted-media; gyroscope; picture-in-picture; web-share\" referrerpolicy=\"strict-origin-when-cross-origin\" allowfullscreen><\/iframe>\n<\/div><\/figure>\n\n\n\n<p>Aus unserem N\u00e4hatelier &#8220;Marta&#8221; &#8211; Juli 2023<\/p>\n\n\n\n<figure class=\"wp-block-embed is-type-video is-provider-youtube wp-block-embed-youtube wp-embed-aspect-16-9 wp-has-aspect-ratio\"><div class=\"wp-block-embed__wrapper\">\n<iframe loading=\"lazy\" title=\"Mamadou &amp; Bineta N\u00e4hatelier &quot;Marta&quot; (2023)\" width=\"500\" height=\"281\" src=\"https:\/\/www.youtube.com\/embed\/bhKI36ltYpM?feature=oembed\" frameborder=\"0\" allow=\"accelerometer; autoplay; clipboard-write; encrypted-media; gyroscope; picture-in-picture; web-share\" referrerpolicy=\"strict-origin-when-cross-origin\" allowfullscreen><\/iframe>\n<\/div><\/figure>\n\n\n\n<p>Im Auffangzentrum &#8211; Oktober 2019<\/p>\n\n\n\n<figure class=\"wp-block-embed is-type-video is-provider-youtube wp-block-embed-youtube wp-embed-aspect-16-9 wp-has-aspect-ratio\"><div class=\"wp-block-embed__wrapper\">\n<iframe loading=\"lazy\" title=\"Mangueta Oktober \/ Octobre 2019\" width=\"500\" height=\"281\" src=\"https:\/\/www.youtube.com\/embed\/9_4FvbnXH0w?feature=oembed\" frameborder=\"0\" allow=\"accelerometer; autoplay; clipboard-write; encrypted-media; gyroscope; picture-in-picture; web-share\" referrerpolicy=\"strict-origin-when-cross-origin\" allowfullscreen><\/iframe>\n<\/div><\/figure>\n\n\n\n<p>Unser Container auf Reisen &#8211; Juli 2019<\/p>\n\n\n\n<figure class=\"wp-block-embed is-type-video is-provider-youtube wp-block-embed-youtube wp-embed-aspect-16-9 wp-has-aspect-ratio\"><div class=\"wp-block-embed__wrapper\">\n<iframe loading=\"lazy\" title=\"Von Europa nach Guinea\" width=\"500\" height=\"281\" src=\"https:\/\/www.youtube.com\/embed\/5tVBtSNYcsU?feature=oembed\" frameborder=\"0\" allow=\"accelerometer; autoplay; clipboard-write; encrypted-media; gyroscope; picture-in-picture; web-share\" referrerpolicy=\"strict-origin-when-cross-origin\" allowfullscreen><\/iframe>\n<\/div><\/figure>\n\n\n\n<p>Alltag im Auffangzentrum in Mangueta &#8211; Februar 2019<\/p>\n\n\n\n<figure class=\"wp-block-embed is-type-video is-provider-youtube wp-block-embed-youtube wp-embed-aspect-16-9 wp-has-aspect-ratio\"><div class=\"wp-block-embed__wrapper\">\n<iframe loading=\"lazy\" title=\"Mangueta 02 2019\" width=\"500\" height=\"281\" src=\"https:\/\/www.youtube.com\/embed\/0__E970JbXU?feature=oembed\" frameborder=\"0\" allow=\"accelerometer; autoplay; clipboard-write; encrypted-media; gyroscope; picture-in-picture; web-share\" referrerpolicy=\"strict-origin-when-cross-origin\" allowfullscreen><\/iframe>\n<\/div><\/figure>\n\n\n\n<p>Die Kinder beim Spielen im Auffangzentrum Mangueta:<\/p>\n\n\n\n<figure class=\"wp-block-embed is-type-video is-provider-youtube wp-block-embed-youtube wp-embed-aspect-16-9 wp-has-aspect-ratio\"><div class=\"wp-block-embed__wrapper\">\n<iframe loading=\"lazy\" title=\"Die Kinder beim Spielen\" width=\"500\" height=\"281\" src=\"https:\/\/www.youtube.com\/embed\/H3OIQuwcIIA?feature=oembed\" frameborder=\"0\" allow=\"accelerometer; autoplay; clipboard-write; encrypted-media; gyroscope; picture-in-picture; web-share\" referrerpolicy=\"strict-origin-when-cross-origin\" allowfullscreen><\/iframe>\n<\/div><\/figure>\n\n\n\n<p>Tyabala Theatr\u00e9:<\/p>\n\n\n\n<figure class=\"wp-block-embed is-type-video is-provider-youtube wp-block-embed-youtube wp-embed-aspect-16-9 wp-has-aspect-ratio\"><div class=\"wp-block-embed__wrapper\">\n<iframe loading=\"lazy\" title=\"Tyabala Th\u00e9\u00e2tre\" width=\"500\" height=\"281\" src=\"https:\/\/www.youtube.com\/embed\/DD-YU7cQ1aU?feature=oembed\" frameborder=\"0\" allow=\"accelerometer; autoplay; clipboard-write; encrypted-media; gyroscope; picture-in-picture; web-share\" referrerpolicy=\"strict-origin-when-cross-origin\" allowfullscreen><\/iframe>\n<\/div><\/figure>\n\n\n\n<p>Im M\u00e4dchenwaisenhaus in Dubr\u00e9ka:<\/p>\n\n\n\n<figure class=\"wp-block-embed is-type-video is-provider-youtube wp-block-embed-youtube wp-embed-aspect-16-9 wp-has-aspect-ratio\"><div class=\"wp-block-embed__wrapper\">\n<iframe loading=\"lazy\" title=\"M\u00e4dchenwaisenhaus Dubr\u00e9ka\" width=\"500\" height=\"281\" src=\"https:\/\/www.youtube.com\/embed\/19IbjS-KJ6M?feature=oembed\" frameborder=\"0\" allow=\"accelerometer; autoplay; clipboard-write; encrypted-media; gyroscope; picture-in-picture; web-share\" referrerpolicy=\"strict-origin-when-cross-origin\" allowfullscreen><\/iframe>\n<\/div><\/figure>\n\n\n\n<p>Ein kurzes Film \u00fcber unsere T\u00e4tigkeiten in Guinea:<\/p>\n\n\n\n<figure class=\"wp-block-embed is-type-video is-provider-youtube wp-block-embed-youtube wp-embed-aspect-16-9 wp-has-aspect-ratio\"><div class=\"wp-block-embed__wrapper\">\n<iframe loading=\"lazy\" title=\"Mamadou &amp; Bineta 2016, Guin\u00e9e\" width=\"500\" height=\"281\" src=\"https:\/\/www.youtube.com\/embed\/oZixI51r6z8?feature=oembed\" frameborder=\"0\" allow=\"accelerometer; autoplay; clipboard-write; encrypted-media; gyroscope; picture-in-picture; web-share\" referrerpolicy=\"strict-origin-when-cross-origin\" allowfullscreen><\/iframe>\n<\/div><\/figure>\n","protected":false},"excerpt":{"rendered":"<p>Gemeinsam musizieren Mamadou &amp; Bineta in Bildern &#8211; 2022\/2023 Kinderfest im Auffangzentrum &#8211; Juni 2023 Aus unserem N\u00e4hatelier &#8220;Marta&#8221; &#8211; Juli 2023 Im Auffangzentrum &#8211; Oktober 2019 Unser Container auf Reisen &#8211; Juli 2019 Alltag im Auffangzentrum in Mangueta &#8211; Februar 2019 Die Kinder beim Spielen im Auffangzentrum Mangueta: Tyabala Theatr\u00e9: Im M\u00e4dchenwaisenhaus in Dubr\u00e9ka: Ein kurzes Film \u00fcber unsere T\u00e4tigkeiten in Guinea:<\/p>\n","protected":false},"author":1,"featured_media":0,"parent":973,"menu_order":0,"comment_status":"closed","ping_status":"closed","template":"","meta":{"_uag_custom_page_level_css":"","ngg_post_thumbnail":0,"footnotes":""},"class_list":["post-1770","page","type-page","status-publish","hentry"],"translation":{"provider":"WPGlobus","version":"3.0.2","language":"en","enabled_languages":["de","fr","en"],"languages":{"de":{"title":true,"content":true,"excerpt":false},"fr":{"title":false,"content":false,"excerpt":false},"en":{"title":false,"content":false,"excerpt":false}}},"uagb_featured_image_src":{"full":false,"thumbnail":false,"medium":false,"medium_large":false,"large":false,"1536x1536":false,"2048x2048":false,"homepage-thumb":false},"uagb_author_info":{"display_name":"mamadou","author_link":"https:\/\/www.mamadouetbineta.org\/en\/author\/mamadou\/"},"uagb_comment_info":0,"uagb_excerpt":"Gemeinsam musizieren Mamadou &amp; Bineta in Bildern &#8211; 2022\/2023 Kinderfest im Auffangzentrum &#8211; Juni 2023 Aus unserem N\u00e4hatelier &#8220;Marta&#8221; &#8211; Juli 2023 Im Auffangzentrum &#8211; Oktober 2019 Unser Container auf Reisen &#8211; Juli 2019 Alltag im Auffangzentrum in Mangueta &#8211; Februar 2019 Die Kinder beim Spielen im Auffangzentrum Mangueta: Tyabala Theatr\u00e9: Im M\u00e4dchenwaisenhaus in Dubr\u00e9ka:&hellip;","_links":{"self":[{"href":"https:\/\/www.mamadouetbineta.org\/en\/wp-json\/wp\/v2\/pages\/1770","targetHints":{"allow":["GET"]}}],"collection":[{"href":"https:\/\/www.mamadouetbineta.org\/en\/wp-json\/wp\/v2\/pages"}],"about":[{"href":"https:\/\/www.mamadouetbineta.org\/en\/wp-json\/wp\/v2\/types\/page"}],"author":[{"embeddable":true,"href":"https:\/\/www.mamadouetbineta.org\/en\/wp-json\/wp\/v2\/users\/1"}],"replies":[{"embeddable":true,"href":"https:\/\/www.mamadouetbineta.org\/en\/wp-json\/wp\/v2\/comments?post=1770"}],"version-history":[{"count":6,"href":"https:\/\/www.mamadouetbineta.org\/en\/wp-json\/wp\/v2\/pages\/1770\/revisions"}],"predecessor-version":[{"id":4627,"href":"https:\/\/www.mamadouetbineta.org\/en\/wp-json\/wp\/v2\/pages\/1770\/revisions\/4627"}],"up":[{"embeddable":true,"href":"https:\/\/www.mamadouetbineta.org\/en\/wp-json\/wp\/v2\/pages\/973"}],"wp:attachment":[{"href":"https:\/\/www.mamadouetbineta.org\/en\/wp-json\/wp\/v2\/media?parent=1770"}],"curies":[{"name":"wp","href":"https:\/\/api.w.org\/{rel}","templated":true}]}}